{"id":6105,"date":"2025-06-03T10:38:45","date_gmt":"2025-06-03T08:38:45","guid":{"rendered":"https:\/\/valuerealestate.it\/vendita-immobili-residenziale\/"},"modified":"2025-07-25T14:57:36","modified_gmt":"2025-07-25T12:57:36","slug":"ventes-immobilieres-residentiel","status":"publish","type":"page","link":"https:\/\/valuerealestate.it\/fr\/ventes-immobilieres-residentiel\/","title":{"rendered":"Ventes immobili\u00e8res &#8211; R\u00e9sidentiel"},"content":{"rendered":"\t\t<div data-elementor-type=\"wp-page\" data-elementor-id=\"6105\" class=\"elementor elementor-6105 elementor-92\" data-elementor-post-type=\"page\">\n\t\t\t\t<div class=\"elementor-element elementor-element-221e5a5 e-flex e-con-boxed e-con e-parent\" data-id=\"221e5a5\" data-element_type=\"container\">\n\t\t\t\t\t<div class=\"e-con-inner\">\n\t\t<div class=\"elementor-element elementor-element-6408a5f e-con-full e-flex e-con e-child\" data-id=\"6408a5f\" data-element_type=\"container\">\n\t\t\t\t<div class=\"elementor-element elementor-element-512afab elementor-invisible elementor-widget elementor-widget-heading\" data-id=\"512afab\" data-element_type=\"widget\" data-settings=\"{&quot;_animation&quot;:&quot;fadeInDown&quot;}\" data-widget_type=\"heading.default\">\n\t\t\t\t<div class=\"elementor-widget-container\">\n\t\t\t\t\t<h1 class=\"elementor-heading-title elementor-size-default\">Ventes immobili\u00e8res - R\u00e9sidentiel<\/h1>\t\t\t\t<\/div>\n\t\t\t\t<\/div>\n\t\t\t\t<\/div>\n\t\t\t\t\t<\/div>\n\t\t\t\t<\/div>\n\t\t<div class=\"elementor-element elementor-element-da79b3b e-flex e-con-boxed e-con e-parent\" data-id=\"da79b3b\" data-element_type=\"container\">\n\t\t\t\t\t<div class=\"e-con-inner\">\n\t\t\t\t<div class=\"elementor-element elementor-element-18d251d elementor-widget elementor-widget-shortcode\" data-id=\"18d251d\" data-element_type=\"widget\" data-widget_type=\"shortcode.default\">\n\t\t\t\t<div class=\"elementor-widget-container\">\n\t\t\t\t\t\t\t<div class=\"elementor-shortcode\"><div class=\"elementor-element e-flex e-con-boxed e-con e-parent filtro-ricerca-row animated fadeInLeft\"\n    data-settings='{\"_animation\":\"fadeInLeft\"}'>\n    <div class=\"e-con-inner\">\n        <div class=\"elementor-element filtro-ricerca elementor-widget\" data-element_type=\"widget\">\n            <input type=\"hidden\" id=\"filtro-ambito\" value=\"residenziale\">\n                        <h4 class=\"filter-title\">Filtrer les propri\u00e9t\u00e9s<\/h4>\n            <input type=\"hidden\" id=\"filtro-contratto\" value=\"V\">\n            \n            <select id=\"filtro-categoria\">\n                <option value=\"\">Choisissez une cat\u00e9gorie<\/option>\n            <\/select>\n\n                        <input type=\"hidden\" id=\"filtro-contratto\" value=\"\">\n            \n                        <select id=\"filtro-ordine\">\n                <option value=\"\">Trier par<\/option>\n                <option value=\"prezzo_asc\">Prix croissant<\/option>\n                <option value=\"prezzo_desc\">Prix d\u00e9croissant<\/option>\n                <option value=\"mq_asc\">M\u00e9trique croissante<\/option>\n                <option value=\"mq_desc\">M\u00e9trique d\u00e9croissante<\/option>\n            <\/select>\n            \n\n        <\/div>\n    <\/div>\n<\/div>\n<div class=\"elementor-element e-flex e-con-boxed e-con e-parent contenitore-risultati-row\">\n    <div class=\"e-con-inner\">\n        <div id=\"contenitore-risultati\">\n            <div id=\"risultati_ricerca\"><\/div>\n            <div id=\"loading-overlay\">\n                <div class=\"overlay-inner\">\n                    <img decoding=\"async\" src=\"https:\/\/valuerealestate.it\/wp-content\/plugins\/importa-immobili-cron\/loading.gif\" alt=\"Caricamento...\"\n                        style=\"width:50px;\">\n                <\/div>\n            <\/div>\n        <\/div>\n    <\/div>\n<\/div>\n\n<script>\njQuery(function($) {\n    function caricaCategorie() {\n        $.post(ajaxurl, {\n            action: 'carica_categorie',\n            contratto: $('#filtro-contratto').val(),\n            ambito: $('#filtro-ambito').val()\n        }, function(response) {\n            $('#filtro-categoria').append(response);\n        });\n    }\n\n    function ricercaImmobili() {\n        let dati = {\n            action: 'filtra_immobili',\n            contratto: $('#filtro-contratto').val(),\n            categoria: $('#filtro-categoria').val(),\n            locali: $('#filtro-locali').val(),\n            ambito: $('#filtro-ambito').val(),\n            ordine: $('#filtro-ordine').val()\n        };\n\n        $('#loading-overlay').fadeIn(); \/\/ Mostra overlay\n\n        $.post(ajaxurl, dati, function(response) {\n            $('#risultati_ricerca').html(response);\n            \/\/ Reinitialize Elementor frontend\n            if (typeof elementorFrontend !== 'undefined') {\n                elementorFrontend.init();\n            }\n            $('#loading-overlay').fadeOut(); \/\/ Nasconde overlay\n        });\n    }\n\n    $('#filtro-contratto, #filtro-categoria, #filtro-locali, #filtro-ordine').on('change',\n        ricercaImmobili);\n    caricaCategorie();\n    ricercaImmobili();\n});\n<\/script>\n<\/div>\n\t\t\t\t\t\t<\/div>\n\t\t\t\t<\/div>\n\t\t\t\t\t<\/div>\n\t\t\t\t<\/div>\n\t\t\t\t<\/div>\n\t\t","protected":false},"excerpt":{"rendered":"<p>Ventes immobili\u00e8res &#8211; R\u00e9sidentiel<\/p>\n","protected":false},"author":1,"featured_media":0,"parent":0,"menu_order":0,"comment_status":"closed","ping_status":"closed","template":"elementor_header_footer","meta":{"footnotes":""},"class_list":["post-6105","page","type-page","status-publish","hentry"],"yoast_head":"<!-- This site is optimized with the Yoast SEO plugin v25.6 - https:\/\/yoast.com\/wordpress\/plugins\/seo\/ -->\n<title>Ventes immobili\u00e8res - R\u00e9sidentiel - Value Real Estate<\/title>\n<meta name=\"robots\" content=\"index, follow, max-snippet:-1, max-image-preview:large, max-video-preview:-1\" \/>\n<link rel=\"canonical\" href=\"https:\/\/valuerealestate.it\/fr\/ventes-immobilieres-residentiel\/\" \/>\n<meta property=\"og:locale\" content=\"fr_FR\" \/>\n<meta property=\"og:type\" content=\"article\" \/>\n<meta property=\"og:title\" content=\"Ventes immobili\u00e8res - R\u00e9sidentiel - Value Real Estate\" \/>\n<meta property=\"og:description\" content=\"Ventes immobili\u00e8res &#8211; R\u00e9sidentiel\" \/>\n<meta property=\"og:url\" content=\"https:\/\/valuerealestate.it\/fr\/ventes-immobilieres-residentiel\/\" \/>\n<meta property=\"og:site_name\" content=\"Value Real Estate\" \/>\n<meta property=\"article:modified_time\" content=\"2025-07-25T12:57:36+00:00\" \/>\n<meta property=\"og:image\" content=\"https:\/\/valuerealestate.it\/wp-content\/uploads\/2025\/07\/Logo-Value-Real-Estate.jpg\" \/>\n\t<meta property=\"og:image:width\" content=\"512\" \/>\n\t<meta property=\"og:image:height\" content=\"512\" \/>\n\t<meta property=\"og:image:type\" content=\"image\/jpeg\" \/>\n<meta name=\"twitter:card\" content=\"summary_large_image\" \/>\n<script type=\"application\/ld+json\" class=\"yoast-schema-graph\">{\"@context\":\"https:\/\/schema.org\",\"@graph\":[{\"@type\":\"WebPage\",\"@id\":\"https:\/\/valuerealestate.it\/fr\/ventes-immobilieres-residentiel\/\",\"url\":\"https:\/\/valuerealestate.it\/fr\/ventes-immobilieres-residentiel\/\",\"name\":\"Ventes immobili\u00e8res - R\u00e9sidentiel - Value Real Estate\",\"isPartOf\":{\"@id\":\"https:\/\/valuerealestate.it\/#website\"},\"datePublished\":\"2025-06-03T08:38:45+00:00\",\"dateModified\":\"2025-07-25T12:57:36+00:00\",\"breadcrumb\":{\"@id\":\"https:\/\/valuerealestate.it\/fr\/ventes-immobilieres-residentiel\/#breadcrumb\"},\"inLanguage\":\"fr-FR\",\"potentialAction\":[{\"@type\":\"ReadAction\",\"target\":[\"https:\/\/valuerealestate.it\/fr\/ventes-immobilieres-residentiel\/\"]}]},{\"@type\":\"BreadcrumbList\",\"@id\":\"https:\/\/valuerealestate.it\/fr\/ventes-immobilieres-residentiel\/#breadcrumb\",\"itemListElement\":[{\"@type\":\"ListItem\",\"position\":1,\"name\":\"Home\",\"item\":\"https:\/\/valuerealestate.it\/fr\/\"},{\"@type\":\"ListItem\",\"position\":2,\"name\":\"Ventes immobili\u00e8res &#8211; R\u00e9sidentiel\"}]},{\"@type\":\"WebSite\",\"@id\":\"https:\/\/valuerealestate.it\/#website\",\"url\":\"https:\/\/valuerealestate.it\/\",\"name\":\"Value Real Estate\",\"description\":\"Vendita immobili di prestigio\",\"publisher\":{\"@id\":\"https:\/\/valuerealestate.it\/#organization\"},\"potentialAction\":[{\"@type\":\"SearchAction\",\"target\":{\"@type\":\"EntryPoint\",\"urlTemplate\":\"https:\/\/valuerealestate.it\/?s={search_term_string}\"},\"query-input\":{\"@type\":\"PropertyValueSpecification\",\"valueRequired\":true,\"valueName\":\"search_term_string\"}}],\"inLanguage\":\"fr-FR\"},{\"@type\":\"Organization\",\"@id\":\"https:\/\/valuerealestate.it\/#organization\",\"name\":\"Value Real Estate Srl\",\"url\":\"https:\/\/valuerealestate.it\/\",\"logo\":{\"@type\":\"ImageObject\",\"inLanguage\":\"fr-FR\",\"@id\":\"https:\/\/valuerealestate.it\/#\/schema\/logo\/image\/\",\"url\":\"https:\/\/valuerealestate.it\/wp-content\/uploads\/2025\/07\/Logo-Value-Real-Estate.jpg\",\"contentUrl\":\"https:\/\/valuerealestate.it\/wp-content\/uploads\/2025\/07\/Logo-Value-Real-Estate.jpg\",\"width\":512,\"height\":512,\"caption\":\"Value Real Estate Srl\"},\"image\":{\"@id\":\"https:\/\/valuerealestate.it\/#\/schema\/logo\/image\/\"}}]}<\/script>\n<!-- \/ Yoast SEO plugin. -->","yoast_head_json":{"title":"Ventes immobili\u00e8res - R\u00e9sidentiel - Value Real Estate","robots":{"index":"index","follow":"follow","max-snippet":"max-snippet:-1","max-image-preview":"max-image-preview:large","max-video-preview":"max-video-preview:-1"},"canonical":"https:\/\/valuerealestate.it\/fr\/ventes-immobilieres-residentiel\/","og_locale":"fr_FR","og_type":"article","og_title":"Ventes immobili\u00e8res - R\u00e9sidentiel - Value Real Estate","og_description":"Ventes immobili\u00e8res &#8211; R\u00e9sidentiel","og_url":"https:\/\/valuerealestate.it\/fr\/ventes-immobilieres-residentiel\/","og_site_name":"Value Real Estate","article_modified_time":"2025-07-25T12:57:36+00:00","og_image":[{"width":512,"height":512,"url":"https:\/\/valuerealestate.it\/wp-content\/uploads\/2025\/07\/Logo-Value-Real-Estate.jpg","type":"image\/jpeg"}],"twitter_card":"summary_large_image","schema":{"@context":"https:\/\/schema.org","@graph":[{"@type":"WebPage","@id":"https:\/\/valuerealestate.it\/fr\/ventes-immobilieres-residentiel\/","url":"https:\/\/valuerealestate.it\/fr\/ventes-immobilieres-residentiel\/","name":"Ventes immobili\u00e8res - R\u00e9sidentiel - Value Real Estate","isPartOf":{"@id":"https:\/\/valuerealestate.it\/#website"},"datePublished":"2025-06-03T08:38:45+00:00","dateModified":"2025-07-25T12:57:36+00:00","breadcrumb":{"@id":"https:\/\/valuerealestate.it\/fr\/ventes-immobilieres-residentiel\/#breadcrumb"},"inLanguage":"fr-FR","potentialAction":[{"@type":"ReadAction","target":["https:\/\/valuerealestate.it\/fr\/ventes-immobilieres-residentiel\/"]}]},{"@type":"BreadcrumbList","@id":"https:\/\/valuerealestate.it\/fr\/ventes-immobilieres-residentiel\/#breadcrumb","itemListElement":[{"@type":"ListItem","position":1,"name":"Home","item":"https:\/\/valuerealestate.it\/fr\/"},{"@type":"ListItem","position":2,"name":"Ventes immobili\u00e8res &#8211; R\u00e9sidentiel"}]},{"@type":"WebSite","@id":"https:\/\/valuerealestate.it\/#website","url":"https:\/\/valuerealestate.it\/","name":"Value Real Estate","description":"Vendita immobili di prestigio","publisher":{"@id":"https:\/\/valuerealestate.it\/#organization"},"potentialAction":[{"@type":"SearchAction","target":{"@type":"EntryPoint","urlTemplate":"https:\/\/valuerealestate.it\/?s={search_term_string}"},"query-input":{"@type":"PropertyValueSpecification","valueRequired":true,"valueName":"search_term_string"}}],"inLanguage":"fr-FR"},{"@type":"Organization","@id":"https:\/\/valuerealestate.it\/#organization","name":"Value Real Estate Srl","url":"https:\/\/valuerealestate.it\/","logo":{"@type":"ImageObject","inLanguage":"fr-FR","@id":"https:\/\/valuerealestate.it\/#\/schema\/logo\/image\/","url":"https:\/\/valuerealestate.it\/wp-content\/uploads\/2025\/07\/Logo-Value-Real-Estate.jpg","contentUrl":"https:\/\/valuerealestate.it\/wp-content\/uploads\/2025\/07\/Logo-Value-Real-Estate.jpg","width":512,"height":512,"caption":"Value Real Estate Srl"},"image":{"@id":"https:\/\/valuerealestate.it\/#\/schema\/logo\/image\/"}}]}},"_links":{"self":[{"href":"https:\/\/valuerealestate.it\/fr\/wp-json\/wp\/v2\/pages\/6105","targetHints":{"allow":["GET"]}}],"collection":[{"href":"https:\/\/valuerealestate.it\/fr\/wp-json\/wp\/v2\/pages"}],"about":[{"href":"https:\/\/valuerealestate.it\/fr\/wp-json\/wp\/v2\/types\/page"}],"author":[{"embeddable":true,"href":"https:\/\/valuerealestate.it\/fr\/wp-json\/wp\/v2\/users\/1"}],"replies":[{"embeddable":true,"href":"https:\/\/valuerealestate.it\/fr\/wp-json\/wp\/v2\/comments?post=6105"}],"version-history":[{"count":4,"href":"https:\/\/valuerealestate.it\/fr\/wp-json\/wp\/v2\/pages\/6105\/revisions"}],"predecessor-version":[{"id":8976,"href":"https:\/\/valuerealestate.it\/fr\/wp-json\/wp\/v2\/pages\/6105\/revisions\/8976"}],"wp:attachment":[{"href":"https:\/\/valuerealestate.it\/fr\/wp-json\/wp\/v2\/media?parent=6105"}],"curies":[{"name":"wp","href":"https:\/\/api.w.org\/{rel}","templated":true}]}}