{"id":6090,"date":"2025-07-07T10:12:41","date_gmt":"2025-07-07T08:12:41","guid":{"rendered":"https:\/\/valuerealestate.it\/privacy-policy\/"},"modified":"2025-07-28T10:49:27","modified_gmt":"2025-07-28T08:49:27","slug":"privacy-policy","status":"publish","type":"page","link":"https:\/\/valuerealestate.it\/fr\/privacy-policy\/","title":{"rendered":"Privacy Policy (fr)"},"content":{"rendered":"\t\t<div data-elementor-type=\"wp-page\" data-elementor-id=\"6090\" class=\"elementor elementor-6090 elementor-1246\" data-elementor-post-type=\"page\">\n\t\t\t\t<div class=\"elementor-element elementor-element-aa9d78f e-flex e-con-boxed e-con e-parent\" data-id=\"aa9d78f\" data-element_type=\"container\">\n\t\t\t\t\t<div class=\"e-con-inner\">\n\t\t\t\t<div class=\"elementor-element elementor-element-e62b014 elementor-invisible elementor-widget elementor-widget-heading\" data-id=\"e62b014\" data-element_type=\"widget\" data-settings=\"{&quot;_animation&quot;:&quot;fadeInDown&quot;}\" data-widget_type=\"heading.default\">\n\t\t\t\t<div class=\"elementor-widget-container\">\n\t\t\t\t\t<h1 class=\"elementor-heading-title elementor-size-default\">Privacy Policy<\/h1>\t\t\t\t<\/div>\n\t\t\t\t<\/div>\n\t\t\t\t\t<\/div>\n\t\t\t\t<\/div>\n\t\t<div class=\"elementor-element elementor-element-42219fb e-flex e-con-boxed e-con e-parent\" data-id=\"42219fb\" data-element_type=\"container\">\n\t\t\t\t\t<div class=\"e-con-inner\">\n\t\t\t\t<div class=\"elementor-element elementor-element-b2b30c6 elementor-widget elementor-widget-spacer\" data-id=\"b2b30c6\" data-element_type=\"widget\" data-widget_type=\"spacer.default\">\n\t\t\t\t<div class=\"elementor-widget-container\">\n\t\t\t\t\t\t\t<div class=\"elementor-spacer\">\n\t\t\t<div class=\"elementor-spacer-inner\"><\/div>\n\t\t<\/div>\n\t\t\t\t\t\t<\/div>\n\t\t\t\t<\/div>\n\t\t\t\t<div class=\"elementor-element elementor-element-dc2989a elementor-invisible elementor-widget elementor-widget-text-editor\" data-id=\"dc2989a\" data-element_type=\"widget\" data-settings=\"{&quot;_animation&quot;:&quot;fadeInUp&quot;}\" data-widget_type=\"text-editor.default\">\n\t\t\t\t<div class=\"elementor-widget-container\">\n\t\t\t\t\t\t\t\t\t<p>Conform\u00e9ment \u00e0 l\u2019article 13 du d\u00e9cret l\u00e9gislatif n\u00b0 196\/2003, il est port\u00e9 \u00e0 votre connaissance ce qui suit :<\/p><ol type=\"a\"><li>Les donn\u00e9es personnelles que vous fournissez volontairement en remplissant le formulaire d&rsquo;inscription pour formaliser des demandes d&rsquo;informations sur les produits, services, promotions marketing, \u00e9v\u00e9nements et initiatives promotionnelles de la soci\u00e9t\u00e9, feront l&rsquo;objet d&rsquo;un traitement, y compris \u00e0 l&rsquo;aide de proc\u00e9dures informatiques et t\u00e9l\u00e9matiques, aux fins suivantes :<br \/><ol type=\"1\"><li>objectifs de gestion, statistiques, commerciaux, promotionnels et publicitaires li\u00e9s aux produits et services de Value Real Estate srl<\/li><\/ol><\/li><li>La fourniture de donn\u00e9es personnelles est facultative ; toutefois, un refus \u00e9ventuel de fournir les donn\u00e9es ou de donner votre consentement pourrait rendre impossible pour la soci\u00e9t\u00e9 de r\u00e9pondre aux demandes de l\u2019utilisateur.<\/li><li>Les donn\u00e9es personnelles que vous fournissez peuvent \u00eatre communiqu\u00e9es et diffus\u00e9es, \u00e0 toutes les fins mentionn\u00e9es ci-dessus \u00e0 la lettre a), \u00e9galement \u00e0 d&rsquo;autres soci\u00e9t\u00e9s du groupe auquel appartient Value Real Estate srl.<\/li><li>Les donn\u00e9es personnelles que vous fournissez peuvent \u00eatre trait\u00e9es, aux fins mentionn\u00e9es au point a), \u00e9galement par les moyens suivants : fax, t\u00e9l\u00e9phone, m\u00eame sans op\u00e9rateur, e-mail et autres syst\u00e8mes informatiques et\/ou automatis\u00e9s de communication.<\/li><li>Concernant ce traitement, la personne concern\u00e9e a le droit \u00e0 tout moment d&rsquo;obtenir la confirmation de l&rsquo;existence ou non de ces donn\u00e9es et d&rsquo;en conna\u00eetre le contenu et l&rsquo;origine, d\u2019en v\u00e9rifier l&rsquo;exactitude ou d&rsquo;en demander la mise \u00e0 jour, l\u2019int\u00e9gration ou la rectification, conform\u00e9ment \u00e0 l\u2019article 7 du d\u00e9cret l\u00e9gislatif n\u00b0 196\/2003. En vertu du m\u00eame article, la personne concern\u00e9e a le droit de demander la suppression, la transformation en forme anonyme ou le blocage des donn\u00e9es la concernant, m\u00eame si pertinentes au but de la collecte ou \u00e0 des fins d&rsquo;envoi de mat\u00e9riel publicitaire ou de vente directe ou pour la r\u00e9alisation d&rsquo;\u00e9tudes de march\u00e9 ou de communication commerciale.<\/li><li>Le responsable du traitement des donn\u00e9es personnelles est RESPONSABILE.<\/li><li>Les donn\u00e9es personnelles que vous fournissez seront conserv\u00e9es dans les bureaux de Value Real Estate srl, Via Spadari, 3 \u2013 20123 Milan.<\/li><li>Les donn\u00e9es personnelles que vous fournissez peuvent \u00eatre transf\u00e9r\u00e9es \u00e0 l&rsquo;\u00e9tranger, dans l&rsquo;Union europ\u00e9enne, conform\u00e9ment et dans les limites pr\u00e9vues \u00e0 l\u2019article 42 du d\u00e9cret l\u00e9gislatif n\u00b0 196\/2003. Les donn\u00e9es personnelles peuvent \u00eatre transf\u00e9r\u00e9es dans des pays non membres de l&rsquo;UE dans le cadre et les limites pr\u00e9vus \u00e0 l\u2019article 44, lettre b) du d\u00e9cret l\u00e9gislatif n\u00b0 196\/2003. \u00c0 cet \u00e9gard, il est pr\u00e9cis\u00e9 que Value Real Estate srl peut op\u00e9rer exclusivement avec des entit\u00e9s ayant adh\u00e9r\u00e9 aux principes du Safe Harbor en mati\u00e8re de confidentialit\u00e9.<\/li><li>Pour toute demande d&rsquo;informations et\/ou de pr\u00e9cisions, veuillez vous adresser \u00e0 : Value Real Estate srl, Via Spadari, 3 \u2013 20123 Milan \u2013 +39 02 36553817 \u2013 info@valuerealestate.it<\/li><\/ol>\t\t\t\t\t\t\t\t<\/div>\n\t\t\t\t<\/div>\n\t\t\t\t<div class=\"elementor-element elementor-element-ae097fe elementor-widget elementor-widget-spacer\" data-id=\"ae097fe\" data-element_type=\"widget\" data-widget_type=\"spacer.default\">\n\t\t\t\t<div class=\"elementor-widget-container\">\n\t\t\t\t\t\t\t<div class=\"elementor-spacer\">\n\t\t\t<div class=\"elementor-spacer-inner\"><\/div>\n\t\t<\/div>\n\t\t\t\t\t\t<\/div>\n\t\t\t\t<\/div>\n\t\t\t\t\t<\/div>\n\t\t\t\t<\/div>\n\t\t\t\t<\/div>\n\t\t","protected":false},"excerpt":{"rendered":"<p>Privacy Policy Conform\u00e9ment \u00e0 l\u2019article 13 du d\u00e9cret l\u00e9gislatif n\u00b0 196\/2003, il est port\u00e9 \u00e0 votre connaissance ce qui suit : Les donn\u00e9es personnelles que vous fournissez volontairement en remplissant le formulaire d&rsquo;inscription pour formaliser des demandes d&rsquo;informations sur les produits, services, promotions marketing, \u00e9v\u00e9nements et initiatives promotionnelles de la soci\u00e9t\u00e9, feront l&rsquo;objet d&rsquo;un traitement, [&hellip;]<\/p>\n","protected":false},"author":1,"featured_media":0,"parent":0,"menu_order":0,"comment_status":"closed","ping_status":"closed","template":"elementor_header_footer","meta":{"footnotes":""},"class_list":["post-6090","page","type-page","status-publish","hentry"],"yoast_head":"<!-- This site is optimized with the Yoast SEO plugin v25.6 - https:\/\/yoast.com\/wordpress\/plugins\/seo\/ -->\n<title>Privacy Policy (fr) - Value Real Estate<\/title>\n<meta name=\"robots\" content=\"index, follow, max-snippet:-1, max-image-preview:large, max-video-preview:-1\" \/>\n<link rel=\"canonical\" href=\"https:\/\/valuerealestate.it\/privacy-policy\/\" \/>\n<meta property=\"og:locale\" content=\"fr_FR\" \/>\n<meta property=\"og:type\" content=\"article\" \/>\n<meta property=\"og:title\" content=\"Privacy Policy (fr) - Value Real Estate\" \/>\n<meta property=\"og:description\" content=\"Privacy Policy Conform\u00e9ment \u00e0 l\u2019article 13 du d\u00e9cret l\u00e9gislatif n\u00b0 196\/2003, il est port\u00e9 \u00e0 votre connaissance ce qui suit : Les donn\u00e9es personnelles que vous fournissez volontairement en remplissant le formulaire d&rsquo;inscription pour formaliser des demandes d&rsquo;informations sur les produits, services, promotions marketing, \u00e9v\u00e9nements et initiatives promotionnelles de la soci\u00e9t\u00e9, feront l&rsquo;objet d&rsquo;un traitement, [&hellip;]\" \/>\n<meta property=\"og:url\" content=\"https:\/\/valuerealestate.it\/privacy-policy\/\" \/>\n<meta property=\"og:site_name\" content=\"Value Real Estate\" \/>\n<meta property=\"article:modified_time\" content=\"2025-07-28T08:49:27+00:00\" \/>\n<meta property=\"og:image\" content=\"https:\/\/valuerealestate.it\/wp-content\/uploads\/2025\/07\/Logo-Value-Real-Estate.jpg\" \/>\n\t<meta property=\"og:image:width\" content=\"512\" \/>\n\t<meta property=\"og:image:height\" content=\"512\" \/>\n\t<meta property=\"og:image:type\" content=\"image\/jpeg\" \/>\n<meta name=\"twitter:card\" content=\"summary_large_image\" \/>\n<meta name=\"twitter:label1\" content=\"Dur\u00e9e de lecture estim\u00e9e\" \/>\n\t<meta name=\"twitter:data1\" content=\"2 minutes\" \/>\n<script type=\"application\/ld+json\" class=\"yoast-schema-graph\">{\"@context\":\"https:\/\/schema.org\",\"@graph\":[{\"@type\":\"WebPage\",\"@id\":\"https:\/\/valuerealestate.it\/privacy-policy\/\",\"url\":\"https:\/\/valuerealestate.it\/privacy-policy\/\",\"name\":\"Privacy Policy (fr) - Value Real Estate\",\"isPartOf\":{\"@id\":\"https:\/\/valuerealestate.it\/#website\"},\"datePublished\":\"2025-07-07T08:12:41+00:00\",\"dateModified\":\"2025-07-28T08:49:27+00:00\",\"breadcrumb\":{\"@id\":\"https:\/\/valuerealestate.it\/privacy-policy\/#breadcrumb\"},\"inLanguage\":\"fr-FR\",\"potentialAction\":[{\"@type\":\"ReadAction\",\"target\":[\"https:\/\/valuerealestate.it\/privacy-policy\/\"]}]},{\"@type\":\"BreadcrumbList\",\"@id\":\"https:\/\/valuerealestate.it\/privacy-policy\/#breadcrumb\",\"itemListElement\":[{\"@type\":\"ListItem\",\"position\":1,\"name\":\"Home\",\"item\":\"https:\/\/valuerealestate.it\/fr\/\"},{\"@type\":\"ListItem\",\"position\":2,\"name\":\"Privacy Policy (fr)\"}]},{\"@type\":\"WebSite\",\"@id\":\"https:\/\/valuerealestate.it\/#website\",\"url\":\"https:\/\/valuerealestate.it\/\",\"name\":\"Value Real Estate\",\"description\":\"Vendita immobili di prestigio\",\"publisher\":{\"@id\":\"https:\/\/valuerealestate.it\/#organization\"},\"potentialAction\":[{\"@type\":\"SearchAction\",\"target\":{\"@type\":\"EntryPoint\",\"urlTemplate\":\"https:\/\/valuerealestate.it\/?s={search_term_string}\"},\"query-input\":{\"@type\":\"PropertyValueSpecification\",\"valueRequired\":true,\"valueName\":\"search_term_string\"}}],\"inLanguage\":\"fr-FR\"},{\"@type\":\"Organization\",\"@id\":\"https:\/\/valuerealestate.it\/#organization\",\"name\":\"Value Real Estate Srl\",\"url\":\"https:\/\/valuerealestate.it\/\",\"logo\":{\"@type\":\"ImageObject\",\"inLanguage\":\"fr-FR\",\"@id\":\"https:\/\/valuerealestate.it\/#\/schema\/logo\/image\/\",\"url\":\"https:\/\/valuerealestate.it\/wp-content\/uploads\/2025\/07\/Logo-Value-Real-Estate.jpg\",\"contentUrl\":\"https:\/\/valuerealestate.it\/wp-content\/uploads\/2025\/07\/Logo-Value-Real-Estate.jpg\",\"width\":512,\"height\":512,\"caption\":\"Value Real Estate Srl\"},\"image\":{\"@id\":\"https:\/\/valuerealestate.it\/#\/schema\/logo\/image\/\"}}]}<\/script>\n<!-- \/ Yoast SEO plugin. -->","yoast_head_json":{"title":"Privacy Policy (fr) - Value Real Estate","robots":{"index":"index","follow":"follow","max-snippet":"max-snippet:-1","max-image-preview":"max-image-preview:large","max-video-preview":"max-video-preview:-1"},"canonical":"https:\/\/valuerealestate.it\/privacy-policy\/","og_locale":"fr_FR","og_type":"article","og_title":"Privacy Policy (fr) - Value Real Estate","og_description":"Privacy Policy Conform\u00e9ment \u00e0 l\u2019article 13 du d\u00e9cret l\u00e9gislatif n\u00b0 196\/2003, il est port\u00e9 \u00e0 votre connaissance ce qui suit : Les donn\u00e9es personnelles que vous fournissez volontairement en remplissant le formulaire d&rsquo;inscription pour formaliser des demandes d&rsquo;informations sur les produits, services, promotions marketing, \u00e9v\u00e9nements et initiatives promotionnelles de la soci\u00e9t\u00e9, feront l&rsquo;objet d&rsquo;un traitement, [&hellip;]","og_url":"https:\/\/valuerealestate.it\/privacy-policy\/","og_site_name":"Value Real Estate","article_modified_time":"2025-07-28T08:49:27+00:00","og_image":[{"width":512,"height":512,"url":"https:\/\/valuerealestate.it\/wp-content\/uploads\/2025\/07\/Logo-Value-Real-Estate.jpg","type":"image\/jpeg"}],"twitter_card":"summary_large_image","twitter_misc":{"Dur\u00e9e de lecture estim\u00e9e":"2 minutes"},"schema":{"@context":"https:\/\/schema.org","@graph":[{"@type":"WebPage","@id":"https:\/\/valuerealestate.it\/privacy-policy\/","url":"https:\/\/valuerealestate.it\/privacy-policy\/","name":"Privacy Policy (fr) - Value Real Estate","isPartOf":{"@id":"https:\/\/valuerealestate.it\/#website"},"datePublished":"2025-07-07T08:12:41+00:00","dateModified":"2025-07-28T08:49:27+00:00","breadcrumb":{"@id":"https:\/\/valuerealestate.it\/privacy-policy\/#breadcrumb"},"inLanguage":"fr-FR","potentialAction":[{"@type":"ReadAction","target":["https:\/\/valuerealestate.it\/privacy-policy\/"]}]},{"@type":"BreadcrumbList","@id":"https:\/\/valuerealestate.it\/privacy-policy\/#breadcrumb","itemListElement":[{"@type":"ListItem","position":1,"name":"Home","item":"https:\/\/valuerealestate.it\/fr\/"},{"@type":"ListItem","position":2,"name":"Privacy Policy (fr)"}]},{"@type":"WebSite","@id":"https:\/\/valuerealestate.it\/#website","url":"https:\/\/valuerealestate.it\/","name":"Value Real Estate","description":"Vendita immobili di prestigio","publisher":{"@id":"https:\/\/valuerealestate.it\/#organization"},"potentialAction":[{"@type":"SearchAction","target":{"@type":"EntryPoint","urlTemplate":"https:\/\/valuerealestate.it\/?s={search_term_string}"},"query-input":{"@type":"PropertyValueSpecification","valueRequired":true,"valueName":"search_term_string"}}],"inLanguage":"fr-FR"},{"@type":"Organization","@id":"https:\/\/valuerealestate.it\/#organization","name":"Value Real Estate Srl","url":"https:\/\/valuerealestate.it\/","logo":{"@type":"ImageObject","inLanguage":"fr-FR","@id":"https:\/\/valuerealestate.it\/#\/schema\/logo\/image\/","url":"https:\/\/valuerealestate.it\/wp-content\/uploads\/2025\/07\/Logo-Value-Real-Estate.jpg","contentUrl":"https:\/\/valuerealestate.it\/wp-content\/uploads\/2025\/07\/Logo-Value-Real-Estate.jpg","width":512,"height":512,"caption":"Value Real Estate Srl"},"image":{"@id":"https:\/\/valuerealestate.it\/#\/schema\/logo\/image\/"}}]}},"_links":{"self":[{"href":"https:\/\/valuerealestate.it\/fr\/wp-json\/wp\/v2\/pages\/6090","targetHints":{"allow":["GET"]}}],"collection":[{"href":"https:\/\/valuerealestate.it\/fr\/wp-json\/wp\/v2\/pages"}],"about":[{"href":"https:\/\/valuerealestate.it\/fr\/wp-json\/wp\/v2\/types\/page"}],"author":[{"embeddable":true,"href":"https:\/\/valuerealestate.it\/fr\/wp-json\/wp\/v2\/users\/1"}],"replies":[{"embeddable":true,"href":"https:\/\/valuerealestate.it\/fr\/wp-json\/wp\/v2\/comments?post=6090"}],"version-history":[{"count":4,"href":"https:\/\/valuerealestate.it\/fr\/wp-json\/wp\/v2\/pages\/6090\/revisions"}],"predecessor-version":[{"id":21505,"href":"https:\/\/valuerealestate.it\/fr\/wp-json\/wp\/v2\/pages\/6090\/revisions\/21505"}],"wp:attachment":[{"href":"https:\/\/valuerealestate.it\/fr\/wp-json\/wp\/v2\/media?parent=6090"}],"curies":[{"name":"wp","href":"https:\/\/api.w.org\/{rel}","templated":true}]}}