{"id":6070,"date":"2025-06-03T10:37:58","date_gmt":"2025-06-03T08:37:58","guid":{"rendered":"https:\/\/valuerealestate.it\/home\/"},"modified":"2025-07-25T15:59:51","modified_gmt":"2025-07-25T13:59:51","slug":"home","status":"publish","type":"page","link":"https:\/\/valuerealestate.it\/fr\/","title":{"rendered":"Home"},"content":{"rendered":"\t\t<div data-elementor-type=\"wp-page\" data-elementor-id=\"6070\" class=\"elementor elementor-6070 elementor-90\" data-elementor-post-type=\"page\">\n\t\t\t\t<div class=\"elementor-element elementor-element-39d5a14 e-flex e-con-boxed e-con e-parent\" data-id=\"39d5a14\" data-element_type=\"container\">\n\t\t\t\t\t<div class=\"e-con-inner\">\n\t\t\t\t<div class=\"elementor-element elementor-element-62a87a8 elementor-widget elementor-widget-slider_revolution\" data-id=\"62a87a8\" data-element_type=\"widget\" data-widget_type=\"slider_revolution.default\">\n\t\t\t\t<div class=\"elementor-widget-container\">\n\t\t\t\t\t\n\t\t<div class=\"wp-block-themepunch-revslider\">\n\t\t\t\t<p class=\"rs-p-wp-fix\"><\/p>\n\t\t\t\t<sr7-module data-alias=\"slider-home\" data-id=\"1\" id=\"SR7_1_1\" class=\"rs-ov-hidden\" data-version=\"6.7.34\">\n\t\t\t\t\t<sr7-adjuster><\/sr7-adjuster>\n\t\t\t\t\t<sr7-content>\n\t\t\t\t\t\t<sr7-slide id=\"SR7_1_1-1\" data-key=\"1\">\n\t\t\t\t\t\t\t<sr7-bg id=\"SR7_1_1-1-1\" class=\"sr7-layer\"><noscript><img decoding=\"async\" src=\"https:\/\/valuerealestate.it\/wp-content\/uploads\/2025\/07\/value_real_estate_via_spadari_3.jpg\" alt=\"Value Real Estate - via Spadari 3\" title=\"Value Real Estate &#8211; via Spadari 3\"><\/noscript><\/sr7-bg>\n\t\t\t\t\t\t<\/sr7-slide>\n\t\t\t\t\t\t<sr7-slide id=\"SR7_1_1-2\" data-key=\"2\">\n\t\t\t\t\t\t<\/sr7-slide>\n\t\t\t\t\t<\/sr7-content>\n\t\t\t\t\t<image_lists style=\"display:none\">\n\t\t\t\t\t\t<img data-src=\"\/\/valuerealestate.it\/wp-content\/uploads\/2025\/07\/value_real_estate_via_spadari_3.jpg\" data-libid=\"5121\" data-lib=\"medialibrary\" alt=\"Value Real Estate - via Spadari 3\" title=\"Value Real Estate &#8211; via Spadari 3\" width=\"0\" height=\"0\" data-dbsrc=\"Ly92YWx1ZXJlYWxlc3RhdGUuaXQvd3AtY29udGVudC91cGxvYWRzLzIwMjUvMDcvdmFsdWVfcmVhbF9lc3RhdGVfdmlhX3NwYWRhcmlfMy5qcGc=\"\/>\n\t\t\t\t\t<\/image_lists>\n\t\t\t\t<\/sr7-module>\n\t\t\t\t<script>\n\t\t\t\t\tSR7.PMH ??={}; SR7.PMH[\"SR7_1_1\"] = {cn:100,state:false,fn: function() { if (_tpt!==undefined && _tpt.prepareModuleHeight !== undefined) {  _tpt.prepareModuleHeight({id:\"SR7_1_1\",el:[800,800,768,960,720],type:'standard',shdw:'0',gh:[800,800,661,502,310],gw:[1240,1240,1024,778,480],vpt:['-100px'],size:{fullWidth:true, fullHeight:false},mh:'0',onh:0,onw:0,bg:{color:'{\"orig\":\"transparent\",\"type\":\"solid\",\"string\":\"transparent\"}'}});   SR7.PMH[\"SR7_1_1\"].state=true;} else if(SR7.PMH[\"SR7_1_1\"].cn-->0)\tsetTimeout( SR7.PMH[\"SR7_1_1\"].fn,19);}};SR7.PMH[\"SR7_1_1\" ].fn();\n\t\t\t\t<\/script>\n<\/div>\n\n\t\t\t\t\t\t<\/div>\n\t\t\t\t<\/div>\n\t\t\t\t\t<\/div>\n\t\t\t\t<\/div>\n\t\t<div class=\"elementor-element elementor-element-754a56f e-flex e-con-boxed e-con e-parent\" data-id=\"754a56f\" data-element_type=\"container\" data-settings=\"{&quot;background_background&quot;:&quot;classic&quot;}\">\n\t\t\t\t\t<div class=\"e-con-inner\">\n\t\t<div class=\"elementor-element elementor-element-44a488a e-con-full e-flex e-con e-child\" data-id=\"44a488a\" data-element_type=\"container\">\n\t\t<div class=\"elementor-element elementor-element-17054f1 e-con-full e-flex e-con e-child\" data-id=\"17054f1\" data-element_type=\"container\">\n\t\t\t\t<div class=\"elementor-element elementor-element-5841285 elementor-invisible elementor-widget elementor-widget-heading\" data-id=\"5841285\" data-element_type=\"widget\" data-settings=\"{&quot;_animation&quot;:&quot;fadeInLeft&quot;}\" data-widget_type=\"heading.default\">\n\t\t\t\t<div class=\"elementor-widget-container\">\n\t\t\t\t\t<h3 class=\"elementor-heading-title elementor-size-default\">VALUE REAL ESTATE<\/h3>\t\t\t\t<\/div>\n\t\t\t\t<\/div>\n\t\t\t\t<div class=\"elementor-element elementor-element-ab62e52 elementor-widget__width-inherit elementor-align-center elementor-invisible elementor-widget elementor-widget-elementskit-button\" data-id=\"ab62e52\" data-element_type=\"widget\" data-settings=\"{&quot;_animation&quot;:&quot;fadeInLeft&quot;}\" data-widget_type=\"elementskit-button.default\">\n\t\t\t\t<div class=\"elementor-widget-container\">\n\t\t\t\t\t<div class=\"ekit-wid-con\" >\t\t<div class=\"ekit-btn-wraper\">\n\t\t\t\t\t\t\t<a href=\"#ricerca-immobile\" class=\"elementskit-btn  whitespace--normal\" id=\"\">\n\t\t\t\t\tCHERCHEZ VOTRE PROPRI\u00c9T\u00c9\t\t\t\t<\/a>\n\t\t\t\t\t<\/div>\n        <\/div>\t\t\t\t<\/div>\n\t\t\t\t<\/div>\n\t\t\t\t<\/div>\n\t\t<div class=\"elementor-element elementor-element-34d9879 e-con-full e-flex e-con e-child\" data-id=\"34d9879\" data-element_type=\"container\">\n\t\t\t\t<div class=\"elementor-element elementor-element-448a221 elementor-invisible elementor-widget elementor-widget-text-editor\" data-id=\"448a221\" data-element_type=\"widget\" data-settings=\"{&quot;_animation&quot;:&quot;fadeInRight&quot;}\" data-widget_type=\"text-editor.default\">\n\t\t\t\t<div class=\"elementor-widget-container\">\n\t\t\t\t\t\t\t\t\t<div style=\"text-align: justify;\"><p>Chez Value Real Estate, la valeur est celle du foyer. Depuis plus de 20 ans, nous \u0153uvrons avec passion et comp\u00e9tence dans le secteur immobilier, accompagnant de nombreux clients dans l\u2019achat et la vente de biens avec un grand succ\u00e8s.<\/p><p>Acheter ou vendre une maison est une exp\u00e9rience importante, et nous sommes pr\u00eats \u00e0 la vivre avec vous, avec professionnalisme, attention et transparence.<\/p><p>Nous vous attendons dans nos bureaux de Casa Ferrario, au c\u0153ur de Milan, pour vous fournir toutes les informations et les conseils dont vous avez besoin.<\/p><\/div>\t\t\t\t\t\t\t\t<\/div>\n\t\t\t\t<\/div>\n\t\t\t\t<\/div>\n\t\t\t\t<\/div>\n\t\t\t\t\t<\/div>\n\t\t\t\t<\/div>\n\t\t<div class=\"elementor-element elementor-element-aa9c560 e-flex e-con-boxed e-con e-parent\" data-id=\"aa9c560\" data-element_type=\"container\" id=\"ricerca-immobile\" data-settings=\"{&quot;background_background&quot;:&quot;classic&quot;}\">\n\t\t\t\t\t<div class=\"e-con-inner\">\n\t\t\t\t<div class=\"elementor-element elementor-element-46724ba elementor-invisible elementor-widget elementor-widget-heading\" data-id=\"46724ba\" data-element_type=\"widget\" data-settings=\"{&quot;_animation&quot;:&quot;fadeInDown&quot;}\" data-widget_type=\"heading.default\">\n\t\t\t\t<div class=\"elementor-widget-container\">\n\t\t\t\t\t<h3 class=\"elementor-heading-title elementor-size-default\">RECHERCHEZ VOTRE PROPRI\u00c9T\u00c9<\/h3>\t\t\t\t<\/div>\n\t\t\t\t<\/div>\n\t\t\t\t\t<\/div>\n\t\t\t\t<\/div>\n\t\t<div class=\"elementor-element elementor-element-7c0c16c e-con-full e-flex e-con e-parent\" data-id=\"7c0c16c\" data-element_type=\"container\">\n\t\t\t\t<div class=\"elementor-element elementor-element-32d095d elementor-widget elementor-widget-shortcode\" data-id=\"32d095d\" data-element_type=\"widget\" data-widget_type=\"shortcode.default\">\n\t\t\t\t<div class=\"elementor-widget-container\">\n\t\t\t\t\t\t\t<div class=\"elementor-shortcode\"><div class=\"elementor-element e-flex e-con-boxed e-con e-parent filtro-ricerca-row animated fadeInLeft\"\n    data-settings='{\"_animation\":\"fadeInLeft\"}'>\n    <div class=\"e-con-inner\">\n        <div class=\"elementor-element filtro-ricerca elementor-widget\" data-element_type=\"widget\">\n            <input type=\"hidden\" id=\"filtro-ambito\" value=\"residenziale\">\n                        <select id=\"filtro-contratto\">\n                <option value=\"\">Choisissez un contrat<\/option>\n                <option value=\"A\">Location<\/option>\n                <option value=\"V\">Vente<\/option>\n            <\/select>\n            \n            <select id=\"filtro-categoria\">\n                <option value=\"\">Choisissez une cat\u00e9gorie<\/option>\n            <\/select>\n\n                        <select id=\"filtro-locali\">\n                <option value=\"\">Nombre de salles<\/option>\n                <option value=\"1\">1<\/option>\n                <option value=\"2\">2<\/option>\n                <option value=\"3\">3<\/option>\n                <option value=\"4\">4 ou plus<\/option>\n            <\/select>\n            \n                        <input type=\"hidden\" id=\"filtro-ordine\" value=\"prezzo_desc\">\n            \n\n        <\/div>\n    <\/div>\n<\/div>\n<div class=\"elementor-element e-flex e-con-boxed e-con e-parent contenitore-risultati-row\">\n    <div class=\"e-con-inner\">\n        <div id=\"contenitore-risultati\">\n            <div id=\"risultati_ricerca\"><\/div>\n            <div id=\"loading-overlay\">\n                <div class=\"overlay-inner\">\n                    <img decoding=\"async\" src=\"https:\/\/valuerealestate.it\/wp-content\/plugins\/importa-immobili-cron\/loading.gif\" alt=\"Caricamento...\"\n                        style=\"width:50px;\">\n                <\/div>\n            <\/div>\n        <\/div>\n    <\/div>\n<\/div>\n\n<script>\njQuery(function($) {\n    function caricaCategorie() {\n        $.post(ajaxurl, {\n            action: 'carica_categorie',\n            contratto: $('#filtro-contratto').val(),\n            ambito: $('#filtro-ambito').val()\n        }, function(response) {\n            $('#filtro-categoria').append(response);\n        });\n    }\n\n    function ricercaImmobili() {\n        let dati = {\n            action: 'filtra_immobili',\n            contratto: $('#filtro-contratto').val(),\n            categoria: $('#filtro-categoria').val(),\n            locali: $('#filtro-locali').val(),\n            ambito: $('#filtro-ambito').val(),\n            ordine: $('#filtro-ordine').val()\n        };\n\n        $('#loading-overlay').fadeIn(); \/\/ Mostra overlay\n\n        $.post(ajaxurl, dati, function(response) {\n            $('#risultati_ricerca').html(response);\n            \/\/ Reinitialize Elementor frontend\n            if (typeof elementorFrontend !== 'undefined') {\n                elementorFrontend.init();\n            }\n            $('#loading-overlay').fadeOut(); \/\/ Nasconde overlay\n        });\n    }\n\n    $('#filtro-contratto, #filtro-categoria, #filtro-locali, #filtro-ordine').on('change',\n        ricercaImmobili);\n    caricaCategorie();\n    ricercaImmobili();\n});\n<\/script>\n<\/div>\n\t\t\t\t\t\t<\/div>\n\t\t\t\t<\/div>\n\t\t\t\t<\/div>\n\t\t\t\t<\/div>\n\t\t","protected":false},"excerpt":{"rendered":"<p>VALUE REAL ESTATE CHERCHEZ VOTRE PROPRI\u00c9T\u00c9 Chez Value Real Estate, la valeur est celle du foyer. Depuis plus de 20 ans, nous \u0153uvrons avec passion et comp\u00e9tence dans le secteur immobilier, accompagnant de nombreux clients dans l\u2019achat et la vente de biens avec un grand succ\u00e8s. Acheter ou vendre une maison est une exp\u00e9rience importante, [&hellip;]<\/p>\n","protected":false},"author":1,"featured_media":0,"parent":0,"menu_order":0,"comment_status":"closed","ping_status":"closed","template":"elementor_header_footer","meta":{"footnotes":""},"class_list":["post-6070","page","type-page","status-publish","hentry"],"yoast_head":"<!-- This site is optimized with the Yoast SEO plugin v25.6 - https:\/\/yoast.com\/wordpress\/plugins\/seo\/ -->\n<title>Home - Value Real Estate<\/title>\n<meta name=\"robots\" content=\"index, follow, max-snippet:-1, max-image-preview:large, max-video-preview:-1\" \/>\n<link rel=\"canonical\" href=\"https:\/\/valuerealestate.it\/fr\/\" \/>\n<meta property=\"og:locale\" content=\"fr_FR\" \/>\n<meta property=\"og:type\" content=\"article\" \/>\n<meta property=\"og:title\" content=\"Home - Value Real Estate\" \/>\n<meta property=\"og:description\" content=\"VALUE REAL ESTATE CHERCHEZ VOTRE PROPRI\u00c9T\u00c9 Chez Value Real Estate, la valeur est celle du foyer. Depuis plus de 20 ans, nous \u0153uvrons avec passion et comp\u00e9tence dans le secteur immobilier, accompagnant de nombreux clients dans l\u2019achat et la vente de biens avec un grand succ\u00e8s. Acheter ou vendre une maison est une exp\u00e9rience importante, [&hellip;]\" \/>\n<meta property=\"og:url\" content=\"https:\/\/valuerealestate.it\/fr\/\" \/>\n<meta property=\"og:site_name\" content=\"Value Real Estate\" \/>\n<meta property=\"article:modified_time\" content=\"2025-07-25T13:59:51+00:00\" \/>\n<meta property=\"og:image\" content=\"https:\/\/valuerealestate.it\/wp-content\/uploads\/2025\/07\/Logo-Value-Real-Estate.jpg\" \/>\n\t<meta property=\"og:image:width\" content=\"512\" \/>\n\t<meta property=\"og:image:height\" content=\"512\" \/>\n\t<meta property=\"og:image:type\" content=\"image\/jpeg\" \/>\n<meta name=\"twitter:card\" content=\"summary_large_image\" \/>\n<meta name=\"twitter:label1\" content=\"Dur\u00e9e de lecture estim\u00e9e\" \/>\n\t<meta name=\"twitter:data1\" content=\"1 minute\" \/>\n<script type=\"application\/ld+json\" class=\"yoast-schema-graph\">{\"@context\":\"https:\/\/schema.org\",\"@graph\":[{\"@type\":\"WebPage\",\"@id\":\"https:\/\/valuerealestate.it\/fr\/\",\"url\":\"https:\/\/valuerealestate.it\/fr\/\",\"name\":\"Home - Value Real Estate\",\"isPartOf\":{\"@id\":\"https:\/\/valuerealestate.it\/#website\"},\"datePublished\":\"2025-06-03T08:37:58+00:00\",\"dateModified\":\"2025-07-25T13:59:51+00:00\",\"breadcrumb\":{\"@id\":\"https:\/\/valuerealestate.it\/fr\/#breadcrumb\"},\"inLanguage\":\"fr-FR\",\"potentialAction\":[{\"@type\":\"ReadAction\",\"target\":[\"https:\/\/valuerealestate.it\/fr\/\"]}]},{\"@type\":\"BreadcrumbList\",\"@id\":\"https:\/\/valuerealestate.it\/fr\/#breadcrumb\",\"itemListElement\":[{\"@type\":\"ListItem\",\"position\":1,\"name\":\"Home\",\"item\":\"https:\/\/valuerealestate.it\/fr\/\"},{\"@type\":\"ListItem\",\"position\":2,\"name\":\"Home\"}]},{\"@type\":\"WebSite\",\"@id\":\"https:\/\/valuerealestate.it\/#website\",\"url\":\"https:\/\/valuerealestate.it\/\",\"name\":\"Value Real Estate\",\"description\":\"Vendita immobili di prestigio\",\"publisher\":{\"@id\":\"https:\/\/valuerealestate.it\/#organization\"},\"potentialAction\":[{\"@type\":\"SearchAction\",\"target\":{\"@type\":\"EntryPoint\",\"urlTemplate\":\"https:\/\/valuerealestate.it\/?s={search_term_string}\"},\"query-input\":{\"@type\":\"PropertyValueSpecification\",\"valueRequired\":true,\"valueName\":\"search_term_string\"}}],\"inLanguage\":\"fr-FR\"},{\"@type\":\"Organization\",\"@id\":\"https:\/\/valuerealestate.it\/#organization\",\"name\":\"Value Real Estate Srl\",\"url\":\"https:\/\/valuerealestate.it\/\",\"logo\":{\"@type\":\"ImageObject\",\"inLanguage\":\"fr-FR\",\"@id\":\"https:\/\/valuerealestate.it\/#\/schema\/logo\/image\/\",\"url\":\"https:\/\/valuerealestate.it\/wp-content\/uploads\/2025\/07\/Logo-Value-Real-Estate.jpg\",\"contentUrl\":\"https:\/\/valuerealestate.it\/wp-content\/uploads\/2025\/07\/Logo-Value-Real-Estate.jpg\",\"width\":512,\"height\":512,\"caption\":\"Value Real Estate Srl\"},\"image\":{\"@id\":\"https:\/\/valuerealestate.it\/#\/schema\/logo\/image\/\"}}]}<\/script>\n<!-- \/ Yoast SEO plugin. -->","yoast_head_json":{"title":"Home - Value Real Estate","robots":{"index":"index","follow":"follow","max-snippet":"max-snippet:-1","max-image-preview":"max-image-preview:large","max-video-preview":"max-video-preview:-1"},"canonical":"https:\/\/valuerealestate.it\/fr\/","og_locale":"fr_FR","og_type":"article","og_title":"Home - Value Real Estate","og_description":"VALUE REAL ESTATE CHERCHEZ VOTRE PROPRI\u00c9T\u00c9 Chez Value Real Estate, la valeur est celle du foyer. Depuis plus de 20 ans, nous \u0153uvrons avec passion et comp\u00e9tence dans le secteur immobilier, accompagnant de nombreux clients dans l\u2019achat et la vente de biens avec un grand succ\u00e8s. Acheter ou vendre une maison est une exp\u00e9rience importante, [&hellip;]","og_url":"https:\/\/valuerealestate.it\/fr\/","og_site_name":"Value Real Estate","article_modified_time":"2025-07-25T13:59:51+00:00","og_image":[{"width":512,"height":512,"url":"https:\/\/valuerealestate.it\/wp-content\/uploads\/2025\/07\/Logo-Value-Real-Estate.jpg","type":"image\/jpeg"}],"twitter_card":"summary_large_image","twitter_misc":{"Dur\u00e9e de lecture estim\u00e9e":"1 minute"},"schema":{"@context":"https:\/\/schema.org","@graph":[{"@type":"WebPage","@id":"https:\/\/valuerealestate.it\/fr\/","url":"https:\/\/valuerealestate.it\/fr\/","name":"Home - Value Real Estate","isPartOf":{"@id":"https:\/\/valuerealestate.it\/#website"},"datePublished":"2025-06-03T08:37:58+00:00","dateModified":"2025-07-25T13:59:51+00:00","breadcrumb":{"@id":"https:\/\/valuerealestate.it\/fr\/#breadcrumb"},"inLanguage":"fr-FR","potentialAction":[{"@type":"ReadAction","target":["https:\/\/valuerealestate.it\/fr\/"]}]},{"@type":"BreadcrumbList","@id":"https:\/\/valuerealestate.it\/fr\/#breadcrumb","itemListElement":[{"@type":"ListItem","position":1,"name":"Home","item":"https:\/\/valuerealestate.it\/fr\/"},{"@type":"ListItem","position":2,"name":"Home"}]},{"@type":"WebSite","@id":"https:\/\/valuerealestate.it\/#website","url":"https:\/\/valuerealestate.it\/","name":"Value Real Estate","description":"Vendita immobili di prestigio","publisher":{"@id":"https:\/\/valuerealestate.it\/#organization"},"potentialAction":[{"@type":"SearchAction","target":{"@type":"EntryPoint","urlTemplate":"https:\/\/valuerealestate.it\/?s={search_term_string}"},"query-input":{"@type":"PropertyValueSpecification","valueRequired":true,"valueName":"search_term_string"}}],"inLanguage":"fr-FR"},{"@type":"Organization","@id":"https:\/\/valuerealestate.it\/#organization","name":"Value Real Estate Srl","url":"https:\/\/valuerealestate.it\/","logo":{"@type":"ImageObject","inLanguage":"fr-FR","@id":"https:\/\/valuerealestate.it\/#\/schema\/logo\/image\/","url":"https:\/\/valuerealestate.it\/wp-content\/uploads\/2025\/07\/Logo-Value-Real-Estate.jpg","contentUrl":"https:\/\/valuerealestate.it\/wp-content\/uploads\/2025\/07\/Logo-Value-Real-Estate.jpg","width":512,"height":512,"caption":"Value Real Estate Srl"},"image":{"@id":"https:\/\/valuerealestate.it\/#\/schema\/logo\/image\/"}}]}},"_links":{"self":[{"href":"https:\/\/valuerealestate.it\/fr\/wp-json\/wp\/v2\/pages\/6070","targetHints":{"allow":["GET"]}}],"collection":[{"href":"https:\/\/valuerealestate.it\/fr\/wp-json\/wp\/v2\/pages"}],"about":[{"href":"https:\/\/valuerealestate.it\/fr\/wp-json\/wp\/v2\/types\/page"}],"author":[{"embeddable":true,"href":"https:\/\/valuerealestate.it\/fr\/wp-json\/wp\/v2\/users\/1"}],"replies":[{"embeddable":true,"href":"https:\/\/valuerealestate.it\/fr\/wp-json\/wp\/v2\/comments?post=6070"}],"version-history":[{"count":3,"href":"https:\/\/valuerealestate.it\/fr\/wp-json\/wp\/v2\/pages\/6070\/revisions"}],"predecessor-version":[{"id":9133,"href":"https:\/\/valuerealestate.it\/fr\/wp-json\/wp\/v2\/pages\/6070\/revisions\/9133"}],"wp:attachment":[{"href":"https:\/\/valuerealestate.it\/fr\/wp-json\/wp\/v2\/media?parent=6070"}],"curies":[{"name":"wp","href":"https:\/\/api.w.org\/{rel}","templated":true}]}}