{"id":6065,"date":"2025-07-07T10:13:45","date_gmt":"2025-07-07T08:13:45","guid":{"rendered":"https:\/\/valuerealestate.it\/cookie-policy\/"},"modified":"2025-07-28T10:49:18","modified_gmt":"2025-07-28T08:49:18","slug":"cookie-policy","status":"publish","type":"page","link":"https:\/\/valuerealestate.it\/fr\/cookie-policy\/","title":{"rendered":"Cookie Policy (fr)"},"content":{"rendered":"\t\t<div data-elementor-type=\"wp-page\" data-elementor-id=\"6065\" class=\"elementor elementor-6065 elementor-1248\" data-elementor-post-type=\"page\">\n\t\t\t\t<div class=\"elementor-element elementor-element-d093d09 e-flex e-con-boxed e-con e-parent\" data-id=\"d093d09\" data-element_type=\"container\">\n\t\t\t\t\t<div class=\"e-con-inner\">\n\t\t\t\t<div class=\"elementor-element elementor-element-1e8f6bb elementor-invisible elementor-widget elementor-widget-heading\" data-id=\"1e8f6bb\" data-element_type=\"widget\" data-settings=\"{&quot;_animation&quot;:&quot;fadeInDown&quot;}\" data-widget_type=\"heading.default\">\n\t\t\t\t<div class=\"elementor-widget-container\">\n\t\t\t\t\t<h1 class=\"elementor-heading-title elementor-size-default\">Cookie Policy<\/h1>\t\t\t\t<\/div>\n\t\t\t\t<\/div>\n\t\t\t\t\t<\/div>\n\t\t\t\t<\/div>\n\t\t<div class=\"elementor-element elementor-element-4d79e7f e-flex e-con-boxed e-con e-parent\" data-id=\"4d79e7f\" data-element_type=\"container\">\n\t\t\t\t\t<div class=\"e-con-inner\">\n\t\t\t\t<div class=\"elementor-element elementor-element-ea9cb6a elementor-widget elementor-widget-spacer\" data-id=\"ea9cb6a\" data-element_type=\"widget\" data-widget_type=\"spacer.default\">\n\t\t\t\t<div class=\"elementor-widget-container\">\n\t\t\t\t\t\t\t<div class=\"elementor-spacer\">\n\t\t\t<div class=\"elementor-spacer-inner\"><\/div>\n\t\t<\/div>\n\t\t\t\t\t\t<\/div>\n\t\t\t\t<\/div>\n\t\t\t\t<div class=\"elementor-element elementor-element-9556766 elementor-invisible elementor-widget elementor-widget-text-editor\" data-id=\"9556766\" data-element_type=\"widget\" data-settings=\"{&quot;_animation&quot;:&quot;fadeInUp&quot;}\" data-widget_type=\"text-editor.default\">\n\t\t\t\t<div class=\"elementor-widget-container\">\n\t\t\t\t\t\t\t\t\t<h4>Responsable du traitement des donn\u00e9es et propri\u00e9taire<\/h4><p><b>Value Real Estate srl<\/b>, sise Via Spadari, 3 &#8211; 20123 Milan, repr\u00e9sent\u00e9e par son repr\u00e9sentant l\u00e9gal. Pour toute question concernant la politique relative aux cookies ou les informations vous concernant, vous pouvez contacter le Responsable du traitement des donn\u00e9es en \u00e9crivant \u00e0 l&rsquo;adresse mentionn\u00e9e ci-dessus ou par courriel \u00e0 l&rsquo;adresse info@valuerealestate.it.<\/p><p>Tout changement ou modification des politiques de confidentialit\u00e9 mentionn\u00e9es dans le pr\u00e9sent document est susceptible d&rsquo;entra\u00eener des modifications normatives. L&rsquo;utilisateur est invit\u00e9 \u00e0 consulter r\u00e9guli\u00e8rement le pr\u00e9sent document.<\/p><h4>Informations sur les cookies<\/h4><p>Le site valuerealestate.it, ci-apr\u00e8s d\u00e9nomm\u00e9 \u00ab\u00a0Application\u00a0\u00bb, utilise des cookies propri\u00e9taires et tiers. La section suivante contient des informations d\u00e9taill\u00e9es sur l&rsquo;utilisation des cookies tiers, notamment les cookies marketing et analytiques.<br \/>Cette politique explique ce que sont les cookies, les types de cookies utilis\u00e9s et leurs finalit\u00e9s.<\/p><p><strong>Que sont les cookies\u00a0?<\/strong><\/p><p>Les cookies sont de petits fichiers texte plac\u00e9s sur votre ordinateur, tablette, t\u00e9l\u00e9phone portable ou autre appareil portable lorsque vous consultez cette Application. Ils sont ensuite renvoy\u00e9s \u00e0 cette Application \u00e0 chaque visite. Ils permettent \u00e0 l&rsquo;Application de reconna\u00eetre vos appareils et de stocker certaines informations vous concernant, notamment vos pr\u00e9f\u00e9rences de navigation. Plus important encore, ils vous distinguent des autres utilisateurs de cette Application, nous permettent d&rsquo;optimiser le service que nous fournissons via l&rsquo;Application et de vous offrir une exp\u00e9rience plus personnalis\u00e9e.<\/p><p>De mani\u00e8re g\u00e9n\u00e9rale, cette Application utilise des cookies de session (qui expirent \u00e0 la fin d&rsquo;une session de navigation donn\u00e9e) et des cookies persistants, qui restent sur votre appareil et nous permettent de m\u00e9moriser vos actions ou vos pr\u00e9f\u00e9rences utilisateur sur plusieurs sessions de navigation.<\/p><h4>D\u00e9sactiver les cookies<\/h4><p>Dans les param\u00e8tres de votre navigateur web, vous pouvez contr\u00f4ler les types de cookies que vous autorisez. Vous pouvez utiliser les param\u00e8tres de votre navigateur pour \u00eatre inform\u00e9(e) de l&rsquo;installation de nouveaux cookies, pour les activer ou les d\u00e9sactiver compl\u00e8tement et pour vider le cache (historique) de votre navigateur. Si vous modifiez les param\u00e8tres de votre navigateur concernant les cookies, votre consentement \u00e0 l&rsquo;utilisation de cookies vous sera demand\u00e9 lors de votre prochaine visite sur cette Application.<br \/>Sauf si vous avez configur\u00e9 votre navigateur pour refuser les cookies, des cookies seront \u00e9mis lors de votre visite sur cette Application, aux fins d\u00e9crites ci-dessus.<\/p><p>Pour en savoir plus sur les cookies, notamment comment voir ceux qui ont \u00e9t\u00e9 install\u00e9s sur votre ordinateur, les g\u00e9rer et les supprimer, consultez le site <a href=\"http:\/\/www.allaboutcookies.org\">www.AllAboutCookies.org<\/a>.<\/p><p>La plupart des navigateurs Internet sont configur\u00e9s par d\u00e9faut pour accepter automatiquement les cookies. L&rsquo;utilisateur peut modifier ces param\u00e8tres pour les bloquer ou les signaler sur son appareil. Il existe plusieurs fa\u00e7ons de g\u00e9rer les cookies. Vous pouvez consulter le manuel d&rsquo;utilisation ou l&rsquo;\u00e9cran d&rsquo;aide de votre navigateur pour savoir comment ajuster ou modifier les param\u00e8tres de votre navigateur.<\/p><p><a href=\"https:\/\/support.google.com\/accounts\/answer\/61416?hl=it\">Chrome<\/a><br \/><a href=\"https:\/\/support.mozilla.org\/it\/kb\/Activer%20%20les%20cookies\"> Firefox<\/a><br \/><a href=\"http:\/\/windows.microsoft.com\/it-it\/windows7\/block-enable-or-allow-cookies\"> Internet Explorer<\/a><br \/><a href=\"http:\/\/help.opera.com\/Windows\/10.00\/it\/cookies.html\">Opera<\/a><br \/><a href=\"https:\/\/www.apple.com\/legal\/privacy\/it\/cookies\/\">Safari<\/a><\/p>\t\t\t\t\t\t\t\t<\/div>\n\t\t\t\t<\/div>\n\t\t\t\t<div class=\"elementor-element elementor-element-7bce5ae elementor-widget elementor-widget-spacer\" data-id=\"7bce5ae\" data-element_type=\"widget\" data-widget_type=\"spacer.default\">\n\t\t\t\t<div class=\"elementor-widget-container\">\n\t\t\t\t\t\t\t<div class=\"elementor-spacer\">\n\t\t\t<div class=\"elementor-spacer-inner\"><\/div>\n\t\t<\/div>\n\t\t\t\t\t\t<\/div>\n\t\t\t\t<\/div>\n\t\t\t\t\t<\/div>\n\t\t\t\t<\/div>\n\t\t\t\t<\/div>\n\t\t","protected":false},"excerpt":{"rendered":"<p>Cookie Policy Responsable du traitement des donn\u00e9es et propri\u00e9taire Value Real Estate srl, sise Via Spadari, 3 &#8211; 20123 Milan, repr\u00e9sent\u00e9e par son repr\u00e9sentant l\u00e9gal. Pour toute question concernant la politique relative aux cookies ou les informations vous concernant, vous pouvez contacter le Responsable du traitement des donn\u00e9es en \u00e9crivant \u00e0 l&rsquo;adresse mentionn\u00e9e ci-dessus ou [&hellip;]<\/p>\n","protected":false},"author":1,"featured_media":0,"parent":0,"menu_order":0,"comment_status":"closed","ping_status":"closed","template":"elementor_header_footer","meta":{"footnotes":""},"class_list":["post-6065","page","type-page","status-publish","hentry"],"yoast_head":"<!-- This site is optimized with the Yoast SEO plugin v25.6 - https:\/\/yoast.com\/wordpress\/plugins\/seo\/ -->\n<title>Cookie Policy (fr) - Value Real Estate<\/title>\n<meta name=\"robots\" content=\"index, follow, max-snippet:-1, max-image-preview:large, max-video-preview:-1\" \/>\n<link rel=\"canonical\" href=\"https:\/\/valuerealestate.it\/cookie-policy\/\" \/>\n<meta property=\"og:locale\" content=\"fr_FR\" \/>\n<meta property=\"og:type\" content=\"article\" \/>\n<meta property=\"og:title\" content=\"Cookie Policy (fr) - Value Real Estate\" \/>\n<meta property=\"og:description\" content=\"Cookie Policy Responsable du traitement des donn\u00e9es et propri\u00e9taire Value Real Estate srl, sise Via Spadari, 3 &#8211; 20123 Milan, repr\u00e9sent\u00e9e par son repr\u00e9sentant l\u00e9gal. Pour toute question concernant la politique relative aux cookies ou les informations vous concernant, vous pouvez contacter le Responsable du traitement des donn\u00e9es en \u00e9crivant \u00e0 l&rsquo;adresse mentionn\u00e9e ci-dessus ou [&hellip;]\" \/>\n<meta property=\"og:url\" content=\"https:\/\/valuerealestate.it\/cookie-policy\/\" \/>\n<meta property=\"og:site_name\" content=\"Value Real Estate\" \/>\n<meta property=\"article:modified_time\" content=\"2025-07-28T08:49:18+00:00\" \/>\n<meta property=\"og:image\" content=\"https:\/\/valuerealestate.it\/wp-content\/uploads\/2025\/07\/Logo-Value-Real-Estate.jpg\" \/>\n\t<meta property=\"og:image:width\" content=\"512\" \/>\n\t<meta property=\"og:image:height\" content=\"512\" \/>\n\t<meta property=\"og:image:type\" content=\"image\/jpeg\" \/>\n<meta name=\"twitter:card\" content=\"summary_large_image\" \/>\n<meta name=\"twitter:label1\" content=\"Dur\u00e9e de lecture estim\u00e9e\" \/>\n\t<meta name=\"twitter:data1\" content=\"3 minutes\" \/>\n<script type=\"application\/ld+json\" class=\"yoast-schema-graph\">{\"@context\":\"https:\/\/schema.org\",\"@graph\":[{\"@type\":\"WebPage\",\"@id\":\"https:\/\/valuerealestate.it\/cookie-policy\/\",\"url\":\"https:\/\/valuerealestate.it\/cookie-policy\/\",\"name\":\"Cookie Policy (fr) - Value Real Estate\",\"isPartOf\":{\"@id\":\"https:\/\/valuerealestate.it\/#website\"},\"datePublished\":\"2025-07-07T08:13:45+00:00\",\"dateModified\":\"2025-07-28T08:49:18+00:00\",\"breadcrumb\":{\"@id\":\"https:\/\/valuerealestate.it\/cookie-policy\/#breadcrumb\"},\"inLanguage\":\"fr-FR\",\"potentialAction\":[{\"@type\":\"ReadAction\",\"target\":[\"https:\/\/valuerealestate.it\/cookie-policy\/\"]}]},{\"@type\":\"BreadcrumbList\",\"@id\":\"https:\/\/valuerealestate.it\/cookie-policy\/#breadcrumb\",\"itemListElement\":[{\"@type\":\"ListItem\",\"position\":1,\"name\":\"Home\",\"item\":\"https:\/\/valuerealestate.it\/fr\/\"},{\"@type\":\"ListItem\",\"position\":2,\"name\":\"Cookie Policy (fr)\"}]},{\"@type\":\"WebSite\",\"@id\":\"https:\/\/valuerealestate.it\/#website\",\"url\":\"https:\/\/valuerealestate.it\/\",\"name\":\"Value Real Estate\",\"description\":\"Vendita immobili di prestigio\",\"publisher\":{\"@id\":\"https:\/\/valuerealestate.it\/#organization\"},\"potentialAction\":[{\"@type\":\"SearchAction\",\"target\":{\"@type\":\"EntryPoint\",\"urlTemplate\":\"https:\/\/valuerealestate.it\/?s={search_term_string}\"},\"query-input\":{\"@type\":\"PropertyValueSpecification\",\"valueRequired\":true,\"valueName\":\"search_term_string\"}}],\"inLanguage\":\"fr-FR\"},{\"@type\":\"Organization\",\"@id\":\"https:\/\/valuerealestate.it\/#organization\",\"name\":\"Value Real Estate Srl\",\"url\":\"https:\/\/valuerealestate.it\/\",\"logo\":{\"@type\":\"ImageObject\",\"inLanguage\":\"fr-FR\",\"@id\":\"https:\/\/valuerealestate.it\/#\/schema\/logo\/image\/\",\"url\":\"https:\/\/valuerealestate.it\/wp-content\/uploads\/2025\/07\/Logo-Value-Real-Estate.jpg\",\"contentUrl\":\"https:\/\/valuerealestate.it\/wp-content\/uploads\/2025\/07\/Logo-Value-Real-Estate.jpg\",\"width\":512,\"height\":512,\"caption\":\"Value Real Estate Srl\"},\"image\":{\"@id\":\"https:\/\/valuerealestate.it\/#\/schema\/logo\/image\/\"}}]}<\/script>\n<!-- \/ Yoast SEO plugin. -->","yoast_head_json":{"title":"Cookie Policy (fr) - Value Real Estate","robots":{"index":"index","follow":"follow","max-snippet":"max-snippet:-1","max-image-preview":"max-image-preview:large","max-video-preview":"max-video-preview:-1"},"canonical":"https:\/\/valuerealestate.it\/cookie-policy\/","og_locale":"fr_FR","og_type":"article","og_title":"Cookie Policy (fr) - Value Real Estate","og_description":"Cookie Policy Responsable du traitement des donn\u00e9es et propri\u00e9taire Value Real Estate srl, sise Via Spadari, 3 &#8211; 20123 Milan, repr\u00e9sent\u00e9e par son repr\u00e9sentant l\u00e9gal. Pour toute question concernant la politique relative aux cookies ou les informations vous concernant, vous pouvez contacter le Responsable du traitement des donn\u00e9es en \u00e9crivant \u00e0 l&rsquo;adresse mentionn\u00e9e ci-dessus ou [&hellip;]","og_url":"https:\/\/valuerealestate.it\/cookie-policy\/","og_site_name":"Value Real Estate","article_modified_time":"2025-07-28T08:49:18+00:00","og_image":[{"width":512,"height":512,"url":"https:\/\/valuerealestate.it\/wp-content\/uploads\/2025\/07\/Logo-Value-Real-Estate.jpg","type":"image\/jpeg"}],"twitter_card":"summary_large_image","twitter_misc":{"Dur\u00e9e de lecture estim\u00e9e":"3 minutes"},"schema":{"@context":"https:\/\/schema.org","@graph":[{"@type":"WebPage","@id":"https:\/\/valuerealestate.it\/cookie-policy\/","url":"https:\/\/valuerealestate.it\/cookie-policy\/","name":"Cookie Policy (fr) - Value Real Estate","isPartOf":{"@id":"https:\/\/valuerealestate.it\/#website"},"datePublished":"2025-07-07T08:13:45+00:00","dateModified":"2025-07-28T08:49:18+00:00","breadcrumb":{"@id":"https:\/\/valuerealestate.it\/cookie-policy\/#breadcrumb"},"inLanguage":"fr-FR","potentialAction":[{"@type":"ReadAction","target":["https:\/\/valuerealestate.it\/cookie-policy\/"]}]},{"@type":"BreadcrumbList","@id":"https:\/\/valuerealestate.it\/cookie-policy\/#breadcrumb","itemListElement":[{"@type":"ListItem","position":1,"name":"Home","item":"https:\/\/valuerealestate.it\/fr\/"},{"@type":"ListItem","position":2,"name":"Cookie Policy (fr)"}]},{"@type":"WebSite","@id":"https:\/\/valuerealestate.it\/#website","url":"https:\/\/valuerealestate.it\/","name":"Value Real Estate","description":"Vendita immobili di prestigio","publisher":{"@id":"https:\/\/valuerealestate.it\/#organization"},"potentialAction":[{"@type":"SearchAction","target":{"@type":"EntryPoint","urlTemplate":"https:\/\/valuerealestate.it\/?s={search_term_string}"},"query-input":{"@type":"PropertyValueSpecification","valueRequired":true,"valueName":"search_term_string"}}],"inLanguage":"fr-FR"},{"@type":"Organization","@id":"https:\/\/valuerealestate.it\/#organization","name":"Value Real Estate Srl","url":"https:\/\/valuerealestate.it\/","logo":{"@type":"ImageObject","inLanguage":"fr-FR","@id":"https:\/\/valuerealestate.it\/#\/schema\/logo\/image\/","url":"https:\/\/valuerealestate.it\/wp-content\/uploads\/2025\/07\/Logo-Value-Real-Estate.jpg","contentUrl":"https:\/\/valuerealestate.it\/wp-content\/uploads\/2025\/07\/Logo-Value-Real-Estate.jpg","width":512,"height":512,"caption":"Value Real Estate Srl"},"image":{"@id":"https:\/\/valuerealestate.it\/#\/schema\/logo\/image\/"}}]}},"_links":{"self":[{"href":"https:\/\/valuerealestate.it\/fr\/wp-json\/wp\/v2\/pages\/6065","targetHints":{"allow":["GET"]}}],"collection":[{"href":"https:\/\/valuerealestate.it\/fr\/wp-json\/wp\/v2\/pages"}],"about":[{"href":"https:\/\/valuerealestate.it\/fr\/wp-json\/wp\/v2\/types\/page"}],"author":[{"embeddable":true,"href":"https:\/\/valuerealestate.it\/fr\/wp-json\/wp\/v2\/users\/1"}],"replies":[{"embeddable":true,"href":"https:\/\/valuerealestate.it\/fr\/wp-json\/wp\/v2\/comments?post=6065"}],"version-history":[{"count":4,"href":"https:\/\/valuerealestate.it\/fr\/wp-json\/wp\/v2\/pages\/6065\/revisions"}],"predecessor-version":[{"id":21504,"href":"https:\/\/valuerealestate.it\/fr\/wp-json\/wp\/v2\/pages\/6065\/revisions\/21504"}],"wp:attachment":[{"href":"https:\/\/valuerealestate.it\/fr\/wp-json\/wp\/v2\/media?parent=6065"}],"curies":[{"name":"wp","href":"https:\/\/api.w.org\/{rel}","templated":true}]}}