{"id":6756,"date":"2025-07-07T10:13:45","date_gmt":"2025-07-07T08:13:45","guid":{"rendered":"https:\/\/valuerealestate.it\/cookie-policy\/"},"modified":"2025-07-28T10:50:49","modified_gmt":"2025-07-28T08:50:49","slug":"cookie-policy","status":"publish","type":"page","link":"https:\/\/valuerealestate.it\/es\/cookie-policy\/","title":{"rendered":"Cookie Policy (es)"},"content":{"rendered":"\t\t<div data-elementor-type=\"wp-page\" data-elementor-id=\"6756\" class=\"elementor elementor-6756 elementor-1248\" data-elementor-post-type=\"page\">\n\t\t\t\t<div class=\"elementor-element elementor-element-d093d09 e-flex e-con-boxed e-con e-parent\" data-id=\"d093d09\" data-element_type=\"container\">\n\t\t\t\t\t<div class=\"e-con-inner\">\n\t\t\t\t<div class=\"elementor-element elementor-element-1e8f6bb elementor-invisible elementor-widget elementor-widget-heading\" data-id=\"1e8f6bb\" data-element_type=\"widget\" data-settings=\"{&quot;_animation&quot;:&quot;fadeInDown&quot;}\" data-widget_type=\"heading.default\">\n\t\t\t\t<div class=\"elementor-widget-container\">\n\t\t\t\t\t<h1 class=\"elementor-heading-title elementor-size-default\">Cookie Policy<\/h1>\t\t\t\t<\/div>\n\t\t\t\t<\/div>\n\t\t\t\t\t<\/div>\n\t\t\t\t<\/div>\n\t\t<div class=\"elementor-element elementor-element-4d79e7f e-flex e-con-boxed e-con e-parent\" data-id=\"4d79e7f\" data-element_type=\"container\">\n\t\t\t\t\t<div class=\"e-con-inner\">\n\t\t\t\t<div class=\"elementor-element elementor-element-ea9cb6a elementor-widget elementor-widget-spacer\" data-id=\"ea9cb6a\" data-element_type=\"widget\" data-widget_type=\"spacer.default\">\n\t\t\t\t<div class=\"elementor-widget-container\">\n\t\t\t\t\t\t\t<div class=\"elementor-spacer\">\n\t\t\t<div class=\"elementor-spacer-inner\"><\/div>\n\t\t<\/div>\n\t\t\t\t\t\t<\/div>\n\t\t\t\t<\/div>\n\t\t\t\t<div class=\"elementor-element elementor-element-9556766 elementor-invisible elementor-widget elementor-widget-text-editor\" data-id=\"9556766\" data-element_type=\"widget\" data-settings=\"{&quot;_animation&quot;:&quot;fadeInUp&quot;}\" data-widget_type=\"text-editor.default\">\n\t\t\t\t<div class=\"elementor-widget-container\">\n\t\t\t\t\t\t\t\t\t<h4>Responsable del Tratamiento y Titular<\/h4><p><b>Value Real Estate srl<\/b>, con domicilio en Via Spadari, 3 &#8211; 20123 Mil\u00e1n, a trav\u00e9s de su representante legal. Si tiene alguna pregunta sobre la pol\u00edtica de cookies o la informaci\u00f3n que tenemos sobre usted, puede contactar con el Responsable del Tratamiento escribiendo a la direcci\u00f3n mencionada anteriormente o por correo electr\u00f3nico a info@valuerealestate.it.<\/p><p>Para conocer las variaciones o modificaciones en las pol\u00edticas de privacidad, el Titular debe, en la v\u00eda principal, modificar la normativa vigente, y es conveniente que el usuario consulte el presente documento.<\/p><h4>Informaci\u00f3n sobre Cookies<\/h4><p>El sitio web valuerealestate.it, en adelante denominado \u00abAplicaci\u00f3n\u00bb, utiliza cookies propias y de terceros. La siguiente secci\u00f3n contiene informaci\u00f3n detallada sobre el uso de cookies de terceros, en particular cookies de marketing y an\u00e1lisis. Esta pol\u00edtica explica qu\u00e9 son las cookies, los tipos de cookies que se utilizan y su finalidad.<\/p><p><strong>\u00bfQu\u00e9 son las cookies?<\/strong><\/p><p>Las cookies son peque\u00f1os archivos de texto que se almacenan en su ordenador, tableta, tel\u00e9fono m\u00f3vil u otro dispositivo port\u00e1til cuando visita esta Aplicaci\u00f3n. Se env\u00edan de vuelta a esta Aplicaci\u00f3n cada vez que la visita. Permiten que la Aplicaci\u00f3n reconozca sus dispositivos y almacene informaci\u00f3n sobre usted, incluidas sus preferencias de navegaci\u00f3n. Es importante destacar que le distinguen de otros usuarios de esta Aplicaci\u00f3n, nos permiten optimizar el servicio que ofrecemos a trav\u00e9s de ella y ofrecerle una experiencia m\u00e1s personalizada.<\/p><p>En general, esta Aplicaci\u00f3n utiliza cookies de sesi\u00f3n (que expiran al finalizar una sesi\u00f3n de navegaci\u00f3n) y cookies persistentes, que permanecen en su dispositivo y nos permiten recordar sus acciones o preferencias de usuario en m\u00faltiples sesiones de navegaci\u00f3n.<\/p><h4>Desactivaci\u00f3n de cookies<\/h4><p>En la configuraci\u00f3n de su navegador web, puede controlar los tipos de cookies que permite. Puede configurar su navegador para recibir avisos sobre la instalaci\u00f3n de nuevas cookies, activarlas o desactivarlas por completo y borrar la cach\u00e9 (historial) de su navegador. Si cambia la configuraci\u00f3n de cookies de su navegador, se le solicitar\u00e1 su consentimiento para el uso de cookies la pr\u00f3xima vez que visite esta Aplicaci\u00f3n.<br \/>A menos que haya configurado su navegador para rechazar las cookies, se emitir\u00e1n cookies cuando visite esta Aplicaci\u00f3n para los fines descritos anteriormente.<br \/>Para obtener m\u00e1s informaci\u00f3n sobre las cookies, incluyendo c\u00f3mo ver qu\u00e9 cookies se han instalado en su ordenador y c\u00f3mo gestionarlas y eliminarlas, visite <a href=\"http:\/\/www.allaboutcookies.org\">www.AllAboutCookies.org<\/a>.<\/p><p>La mayor\u00eda de los navegadores de internet est\u00e1n configurados por defecto para aceptar cookies autom\u00e1ticamente. El usuario puede modificar esta configuraci\u00f3n para bloquear las cookies o para que se le notifiquen en su dispositivo. Hay varias maneras de gestionar las cookies. Puede consultar el manual del usuario o la ayuda de su navegador para saber c\u00f3mo ajustar o cambiar la configuraci\u00f3n.<\/p><p>Chrome<br \/>Firefox<br \/>Internet Explorer<br \/>Opera<br \/>Safari<\/p>\t\t\t\t\t\t\t\t<\/div>\n\t\t\t\t<\/div>\n\t\t\t\t<div class=\"elementor-element elementor-element-7bce5ae elementor-widget elementor-widget-spacer\" data-id=\"7bce5ae\" data-element_type=\"widget\" data-widget_type=\"spacer.default\">\n\t\t\t\t<div class=\"elementor-widget-container\">\n\t\t\t\t\t\t\t<div class=\"elementor-spacer\">\n\t\t\t<div class=\"elementor-spacer-inner\"><\/div>\n\t\t<\/div>\n\t\t\t\t\t\t<\/div>\n\t\t\t\t<\/div>\n\t\t\t\t\t<\/div>\n\t\t\t\t<\/div>\n\t\t\t\t<\/div>\n\t\t","protected":false},"excerpt":{"rendered":"<p>Cookie Policy Responsable del Tratamiento y Titular Value Real Estate srl, con domicilio en Via Spadari, 3 &#8211; 20123 Mil\u00e1n, a trav\u00e9s de su representante legal. Si tiene alguna pregunta sobre la pol\u00edtica de cookies o la informaci\u00f3n que tenemos sobre usted, puede contactar con el Responsable del Tratamiento escribiendo a la direcci\u00f3n mencionada anteriormente [&hellip;]<\/p>\n","protected":false},"author":1,"featured_media":0,"parent":0,"menu_order":0,"comment_status":"closed","ping_status":"closed","template":"elementor_header_footer","meta":{"footnotes":""},"class_list":["post-6756","page","type-page","status-publish","hentry"],"yoast_head":"<!-- This site is optimized with the Yoast SEO plugin v25.6 - https:\/\/yoast.com\/wordpress\/plugins\/seo\/ -->\n<title>Cookie Policy (es) - Value Real Estate<\/title>\n<meta name=\"robots\" content=\"index, follow, max-snippet:-1, max-image-preview:large, max-video-preview:-1\" \/>\n<link rel=\"canonical\" href=\"https:\/\/valuerealestate.it\/cookie-policy\/\" \/>\n<meta property=\"og:locale\" content=\"es_ES\" \/>\n<meta property=\"og:type\" content=\"article\" \/>\n<meta property=\"og:title\" content=\"Cookie Policy (es) - Value Real Estate\" \/>\n<meta property=\"og:description\" content=\"Cookie Policy Responsable del Tratamiento y Titular Value Real Estate srl, con domicilio en Via Spadari, 3 &#8211; 20123 Mil\u00e1n, a trav\u00e9s de su representante legal. Si tiene alguna pregunta sobre la pol\u00edtica de cookies o la informaci\u00f3n que tenemos sobre usted, puede contactar con el Responsable del Tratamiento escribiendo a la direcci\u00f3n mencionada anteriormente [&hellip;]\" \/>\n<meta property=\"og:url\" content=\"https:\/\/valuerealestate.it\/cookie-policy\/\" \/>\n<meta property=\"og:site_name\" content=\"Value Real Estate\" \/>\n<meta property=\"article:modified_time\" content=\"2025-07-28T08:50:49+00:00\" \/>\n<meta property=\"og:image\" content=\"https:\/\/valuerealestate.it\/wp-content\/uploads\/2025\/07\/Logo-Value-Real-Estate.jpg\" \/>\n\t<meta property=\"og:image:width\" content=\"512\" \/>\n\t<meta property=\"og:image:height\" content=\"512\" \/>\n\t<meta property=\"og:image:type\" content=\"image\/jpeg\" \/>\n<meta name=\"twitter:card\" content=\"summary_large_image\" \/>\n<meta name=\"twitter:label1\" content=\"Tiempo de lectura\" \/>\n\t<meta name=\"twitter:data1\" content=\"3 minutos\" \/>\n<script type=\"application\/ld+json\" class=\"yoast-schema-graph\">{\"@context\":\"https:\/\/schema.org\",\"@graph\":[{\"@type\":\"WebPage\",\"@id\":\"https:\/\/valuerealestate.it\/cookie-policy\/\",\"url\":\"https:\/\/valuerealestate.it\/cookie-policy\/\",\"name\":\"Cookie Policy (es) - Value Real Estate\",\"isPartOf\":{\"@id\":\"https:\/\/valuerealestate.it\/#website\"},\"datePublished\":\"2025-07-07T08:13:45+00:00\",\"dateModified\":\"2025-07-28T08:50:49+00:00\",\"breadcrumb\":{\"@id\":\"https:\/\/valuerealestate.it\/cookie-policy\/#breadcrumb\"},\"inLanguage\":\"es\",\"potentialAction\":[{\"@type\":\"ReadAction\",\"target\":[\"https:\/\/valuerealestate.it\/cookie-policy\/\"]}]},{\"@type\":\"BreadcrumbList\",\"@id\":\"https:\/\/valuerealestate.it\/cookie-policy\/#breadcrumb\",\"itemListElement\":[{\"@type\":\"ListItem\",\"position\":1,\"name\":\"Home\",\"item\":\"https:\/\/valuerealestate.it\/es\/\"},{\"@type\":\"ListItem\",\"position\":2,\"name\":\"Cookie Policy (es)\"}]},{\"@type\":\"WebSite\",\"@id\":\"https:\/\/valuerealestate.it\/#website\",\"url\":\"https:\/\/valuerealestate.it\/\",\"name\":\"Value Real Estate\",\"description\":\"Vendita immobili di prestigio\",\"publisher\":{\"@id\":\"https:\/\/valuerealestate.it\/#organization\"},\"potentialAction\":[{\"@type\":\"SearchAction\",\"target\":{\"@type\":\"EntryPoint\",\"urlTemplate\":\"https:\/\/valuerealestate.it\/?s={search_term_string}\"},\"query-input\":{\"@type\":\"PropertyValueSpecification\",\"valueRequired\":true,\"valueName\":\"search_term_string\"}}],\"inLanguage\":\"es\"},{\"@type\":\"Organization\",\"@id\":\"https:\/\/valuerealestate.it\/#organization\",\"name\":\"Value Real Estate Srl\",\"url\":\"https:\/\/valuerealestate.it\/\",\"logo\":{\"@type\":\"ImageObject\",\"inLanguage\":\"es\",\"@id\":\"https:\/\/valuerealestate.it\/#\/schema\/logo\/image\/\",\"url\":\"https:\/\/valuerealestate.it\/wp-content\/uploads\/2025\/07\/Logo-Value-Real-Estate.jpg\",\"contentUrl\":\"https:\/\/valuerealestate.it\/wp-content\/uploads\/2025\/07\/Logo-Value-Real-Estate.jpg\",\"width\":512,\"height\":512,\"caption\":\"Value Real Estate Srl\"},\"image\":{\"@id\":\"https:\/\/valuerealestate.it\/#\/schema\/logo\/image\/\"}}]}<\/script>\n<!-- \/ Yoast SEO plugin. -->","yoast_head_json":{"title":"Cookie Policy (es) - Value Real Estate","robots":{"index":"index","follow":"follow","max-snippet":"max-snippet:-1","max-image-preview":"max-image-preview:large","max-video-preview":"max-video-preview:-1"},"canonical":"https:\/\/valuerealestate.it\/cookie-policy\/","og_locale":"es_ES","og_type":"article","og_title":"Cookie Policy (es) - Value Real Estate","og_description":"Cookie Policy Responsable del Tratamiento y Titular Value Real Estate srl, con domicilio en Via Spadari, 3 &#8211; 20123 Mil\u00e1n, a trav\u00e9s de su representante legal. Si tiene alguna pregunta sobre la pol\u00edtica de cookies o la informaci\u00f3n que tenemos sobre usted, puede contactar con el Responsable del Tratamiento escribiendo a la direcci\u00f3n mencionada anteriormente [&hellip;]","og_url":"https:\/\/valuerealestate.it\/cookie-policy\/","og_site_name":"Value Real Estate","article_modified_time":"2025-07-28T08:50:49+00:00","og_image":[{"width":512,"height":512,"url":"https:\/\/valuerealestate.it\/wp-content\/uploads\/2025\/07\/Logo-Value-Real-Estate.jpg","type":"image\/jpeg"}],"twitter_card":"summary_large_image","twitter_misc":{"Tiempo de lectura":"3 minutos"},"schema":{"@context":"https:\/\/schema.org","@graph":[{"@type":"WebPage","@id":"https:\/\/valuerealestate.it\/cookie-policy\/","url":"https:\/\/valuerealestate.it\/cookie-policy\/","name":"Cookie Policy (es) - Value Real Estate","isPartOf":{"@id":"https:\/\/valuerealestate.it\/#website"},"datePublished":"2025-07-07T08:13:45+00:00","dateModified":"2025-07-28T08:50:49+00:00","breadcrumb":{"@id":"https:\/\/valuerealestate.it\/cookie-policy\/#breadcrumb"},"inLanguage":"es","potentialAction":[{"@type":"ReadAction","target":["https:\/\/valuerealestate.it\/cookie-policy\/"]}]},{"@type":"BreadcrumbList","@id":"https:\/\/valuerealestate.it\/cookie-policy\/#breadcrumb","itemListElement":[{"@type":"ListItem","position":1,"name":"Home","item":"https:\/\/valuerealestate.it\/es\/"},{"@type":"ListItem","position":2,"name":"Cookie Policy (es)"}]},{"@type":"WebSite","@id":"https:\/\/valuerealestate.it\/#website","url":"https:\/\/valuerealestate.it\/","name":"Value Real Estate","description":"Vendita immobili di prestigio","publisher":{"@id":"https:\/\/valuerealestate.it\/#organization"},"potentialAction":[{"@type":"SearchAction","target":{"@type":"EntryPoint","urlTemplate":"https:\/\/valuerealestate.it\/?s={search_term_string}"},"query-input":{"@type":"PropertyValueSpecification","valueRequired":true,"valueName":"search_term_string"}}],"inLanguage":"es"},{"@type":"Organization","@id":"https:\/\/valuerealestate.it\/#organization","name":"Value Real Estate Srl","url":"https:\/\/valuerealestate.it\/","logo":{"@type":"ImageObject","inLanguage":"es","@id":"https:\/\/valuerealestate.it\/#\/schema\/logo\/image\/","url":"https:\/\/valuerealestate.it\/wp-content\/uploads\/2025\/07\/Logo-Value-Real-Estate.jpg","contentUrl":"https:\/\/valuerealestate.it\/wp-content\/uploads\/2025\/07\/Logo-Value-Real-Estate.jpg","width":512,"height":512,"caption":"Value Real Estate Srl"},"image":{"@id":"https:\/\/valuerealestate.it\/#\/schema\/logo\/image\/"}}]}},"_links":{"self":[{"href":"https:\/\/valuerealestate.it\/es\/wp-json\/wp\/v2\/pages\/6756","targetHints":{"allow":["GET"]}}],"collection":[{"href":"https:\/\/valuerealestate.it\/es\/wp-json\/wp\/v2\/pages"}],"about":[{"href":"https:\/\/valuerealestate.it\/es\/wp-json\/wp\/v2\/types\/page"}],"author":[{"embeddable":true,"href":"https:\/\/valuerealestate.it\/es\/wp-json\/wp\/v2\/users\/1"}],"replies":[{"embeddable":true,"href":"https:\/\/valuerealestate.it\/es\/wp-json\/wp\/v2\/comments?post=6756"}],"version-history":[{"count":4,"href":"https:\/\/valuerealestate.it\/es\/wp-json\/wp\/v2\/pages\/6756\/revisions"}],"predecessor-version":[{"id":21510,"href":"https:\/\/valuerealestate.it\/es\/wp-json\/wp\/v2\/pages\/6756\/revisions\/21510"}],"wp:attachment":[{"href":"https:\/\/valuerealestate.it\/es\/wp-json\/wp\/v2\/media?parent=6756"}],"curies":[{"name":"wp","href":"https:\/\/api.w.org\/{rel}","templated":true}]}}