{"id":6656,"date":"2025-07-07T10:12:41","date_gmt":"2025-07-07T08:12:41","guid":{"rendered":"https:\/\/valuerealestate.it\/privacy-policy\/"},"modified":"2025-07-28T10:50:58","modified_gmt":"2025-07-28T08:50:58","slug":"privacy-policy","status":"publish","type":"page","link":"https:\/\/valuerealestate.it\/es\/privacy-policy\/","title":{"rendered":"Privacy Policy (es)"},"content":{"rendered":"\t\t<div data-elementor-type=\"wp-page\" data-elementor-id=\"6656\" class=\"elementor elementor-6656 elementor-1246\" data-elementor-post-type=\"page\">\n\t\t\t\t<div class=\"elementor-element elementor-element-aa9d78f e-flex e-con-boxed e-con e-parent\" data-id=\"aa9d78f\" data-element_type=\"container\">\n\t\t\t\t\t<div class=\"e-con-inner\">\n\t\t\t\t<div class=\"elementor-element elementor-element-e62b014 elementor-invisible elementor-widget elementor-widget-heading\" data-id=\"e62b014\" data-element_type=\"widget\" data-settings=\"{&quot;_animation&quot;:&quot;fadeInDown&quot;}\" data-widget_type=\"heading.default\">\n\t\t\t\t<div class=\"elementor-widget-container\">\n\t\t\t\t\t<h1 class=\"elementor-heading-title elementor-size-default\">Privacy Policy<\/h1>\t\t\t\t<\/div>\n\t\t\t\t<\/div>\n\t\t\t\t\t<\/div>\n\t\t\t\t<\/div>\n\t\t<div class=\"elementor-element elementor-element-42219fb e-flex e-con-boxed e-con e-parent\" data-id=\"42219fb\" data-element_type=\"container\">\n\t\t\t\t\t<div class=\"e-con-inner\">\n\t\t\t\t<div class=\"elementor-element elementor-element-b2b30c6 elementor-widget elementor-widget-spacer\" data-id=\"b2b30c6\" data-element_type=\"widget\" data-widget_type=\"spacer.default\">\n\t\t\t\t<div class=\"elementor-widget-container\">\n\t\t\t\t\t\t\t<div class=\"elementor-spacer\">\n\t\t\t<div class=\"elementor-spacer-inner\"><\/div>\n\t\t<\/div>\n\t\t\t\t\t\t<\/div>\n\t\t\t\t<\/div>\n\t\t\t\t<div class=\"elementor-element elementor-element-dc2989a elementor-invisible elementor-widget elementor-widget-text-editor\" data-id=\"dc2989a\" data-element_type=\"widget\" data-settings=\"{&quot;_animation&quot;:&quot;fadeInUp&quot;}\" data-widget_type=\"text-editor.default\">\n\t\t\t\t<div class=\"elementor-widget-container\">\n\t\t\t\t\t\t\t\t\t<p>De conformidad y para los efectos del art. 13 del Decreto Legislativo n.\u00ba 196\/2003, se informa lo siguiente:<\/p><ol type=\"a\"><li>Los datos personales que usted proporcione voluntariamente al completar el formulario de registro para formalizar solicitudes de informaci\u00f3n sobre productos, servicios, promociones de marketing, eventos e iniciativas promocionales de la empresa, ser\u00e1n tratados, incluso mediante procedimientos inform\u00e1ticos y telem\u00e1ticos, para los siguientes fines:<br \/><ol type=\"1\"><li>fines de gesti\u00f3n, estad\u00edsticos, comerciales, promocionales y publicitarios, relacionados con los productos y servicios de Value Real Estate srl<\/li><\/ol><\/li><li>La provisi\u00f3n de datos personales es opcional; sin embargo, cualquier negativa a proporcionar dichos datos o a dar el consentimiento puede hacer imposible que la empresa atienda las solicitudes del usuario.<\/li><li>Los datos personales proporcionados por usted podr\u00e1n ser comunicados y difundidos, para todos los fines indicados anteriormente en la letra a), tambi\u00e9n a otras empresas del grupo al que pertenece Value Real Estate srl.<\/li><li>Los datos personales proporcionados por usted podr\u00e1n ser tratados, para los fines indicados en el punto a), tambi\u00e9n a trav\u00e9s de los siguientes medios: fax, tel\u00e9fono (incluso sin operador), correo electr\u00f3nico y otros sistemas inform\u00e1ticos y\/o automatizados de comunicaci\u00f3n.<\/li><li>Con respecto a dicho tratamiento, el titular de los datos personales tiene derecho en cualquier momento a obtener confirmaci\u00f3n de la existencia o no de dichos datos y a conocer su contenido y origen, verificar su exactitud o solicitar su integraci\u00f3n, actualizaci\u00f3n o rectificaci\u00f3n, conforme al art\u00edculo 7 del Decreto Legislativo n.\u00ba 196\/2003. Seg\u00fan el mismo art\u00edculo, el interesado tiene derecho a solicitar la cancelaci\u00f3n, transformaci\u00f3n en forma an\u00f3nima o el bloqueo de los datos que le conciernen, incluso si son pertinentes para los fines de la recopilaci\u00f3n o para el env\u00edo de material publicitario o ventas directas o para realizar estudios de mercado o comunicaci\u00f3n comercial.<\/li><li>El titular del tratamiento de los datos personales es RESPONSABILE.<\/li><li>Los datos personales proporcionados por usted se almacenar\u00e1n en las oficinas de Value Real Estate srl, Via Spadari, 3 \u2013 20123 Mil\u00e1n.<\/li><li>Los datos personales proporcionados por usted podr\u00e1n transferirse al extranjero, dentro de la Uni\u00f3n Europea, de conformidad y dentro de los l\u00edmites del art. 42 del Decreto Legislativo n.\u00ba 196\/2003. Los datos personales podr\u00e1n transferirse al extranjero a pa\u00edses no pertenecientes a la UE dentro del \u00e1mbito y l\u00edmites previstos por el art. 44 letra b) del Decreto Legislativo n.\u00ba 196\/2003. A este respecto, se especifica que Value Real Estate srl solo puede operar con entidades que hayan adherido a los Principios de Puerto Seguro en materia de privacidad.<\/li><li>Para cualquier solicitud de informaci\u00f3n y\/o aclaraci\u00f3n, por favor cont\u00e1ctese con: Value Real Estate srl, Via Spadari, 3 \u2013 20123 Mil\u00e1n \u2013 +39 02 36553817 \u2013 info@valuerealestate.it<\/li><\/ol>\t\t\t\t\t\t\t\t<\/div>\n\t\t\t\t<\/div>\n\t\t\t\t<div class=\"elementor-element elementor-element-ae097fe elementor-widget elementor-widget-spacer\" data-id=\"ae097fe\" data-element_type=\"widget\" data-widget_type=\"spacer.default\">\n\t\t\t\t<div class=\"elementor-widget-container\">\n\t\t\t\t\t\t\t<div class=\"elementor-spacer\">\n\t\t\t<div class=\"elementor-spacer-inner\"><\/div>\n\t\t<\/div>\n\t\t\t\t\t\t<\/div>\n\t\t\t\t<\/div>\n\t\t\t\t\t<\/div>\n\t\t\t\t<\/div>\n\t\t\t\t<\/div>\n\t\t","protected":false},"excerpt":{"rendered":"<p>Privacy Policy De conformidad y para los efectos del art. 13 del Decreto Legislativo n.\u00ba 196\/2003, se informa lo siguiente: Los datos personales que usted proporcione voluntariamente al completar el formulario de registro para formalizar solicitudes de informaci\u00f3n sobre productos, servicios, promociones de marketing, eventos e iniciativas promocionales de la empresa, ser\u00e1n tratados, incluso mediante [&hellip;]<\/p>\n","protected":false},"author":1,"featured_media":0,"parent":0,"menu_order":0,"comment_status":"closed","ping_status":"closed","template":"elementor_header_footer","meta":{"footnotes":""},"class_list":["post-6656","page","type-page","status-publish","hentry"],"yoast_head":"<!-- This site is optimized with the Yoast SEO plugin v25.6 - https:\/\/yoast.com\/wordpress\/plugins\/seo\/ -->\n<title>Privacy Policy (es) - Value Real Estate<\/title>\n<meta name=\"robots\" content=\"index, follow, max-snippet:-1, max-image-preview:large, max-video-preview:-1\" \/>\n<link rel=\"canonical\" href=\"https:\/\/valuerealestate.it\/privacy-policy\/\" \/>\n<meta property=\"og:locale\" content=\"es_ES\" \/>\n<meta property=\"og:type\" content=\"article\" \/>\n<meta property=\"og:title\" content=\"Privacy Policy (es) - Value Real Estate\" \/>\n<meta property=\"og:description\" content=\"Privacy Policy De conformidad y para los efectos del art. 13 del Decreto Legislativo n.\u00ba 196\/2003, se informa lo siguiente: Los datos personales que usted proporcione voluntariamente al completar el formulario de registro para formalizar solicitudes de informaci\u00f3n sobre productos, servicios, promociones de marketing, eventos e iniciativas promocionales de la empresa, ser\u00e1n tratados, incluso mediante [&hellip;]\" \/>\n<meta property=\"og:url\" content=\"https:\/\/valuerealestate.it\/privacy-policy\/\" \/>\n<meta property=\"og:site_name\" content=\"Value Real Estate\" \/>\n<meta property=\"article:modified_time\" content=\"2025-07-28T08:50:58+00:00\" \/>\n<meta property=\"og:image\" content=\"https:\/\/valuerealestate.it\/wp-content\/uploads\/2025\/07\/Logo-Value-Real-Estate.jpg\" \/>\n\t<meta property=\"og:image:width\" content=\"512\" \/>\n\t<meta property=\"og:image:height\" content=\"512\" \/>\n\t<meta property=\"og:image:type\" content=\"image\/jpeg\" \/>\n<meta name=\"twitter:card\" content=\"summary_large_image\" \/>\n<meta name=\"twitter:label1\" content=\"Tiempo de lectura\" \/>\n\t<meta name=\"twitter:data1\" content=\"2 minutos\" \/>\n<script type=\"application\/ld+json\" class=\"yoast-schema-graph\">{\"@context\":\"https:\/\/schema.org\",\"@graph\":[{\"@type\":\"WebPage\",\"@id\":\"https:\/\/valuerealestate.it\/privacy-policy\/\",\"url\":\"https:\/\/valuerealestate.it\/privacy-policy\/\",\"name\":\"Privacy Policy (es) - Value Real Estate\",\"isPartOf\":{\"@id\":\"https:\/\/valuerealestate.it\/#website\"},\"datePublished\":\"2025-07-07T08:12:41+00:00\",\"dateModified\":\"2025-07-28T08:50:58+00:00\",\"breadcrumb\":{\"@id\":\"https:\/\/valuerealestate.it\/privacy-policy\/#breadcrumb\"},\"inLanguage\":\"es\",\"potentialAction\":[{\"@type\":\"ReadAction\",\"target\":[\"https:\/\/valuerealestate.it\/privacy-policy\/\"]}]},{\"@type\":\"BreadcrumbList\",\"@id\":\"https:\/\/valuerealestate.it\/privacy-policy\/#breadcrumb\",\"itemListElement\":[{\"@type\":\"ListItem\",\"position\":1,\"name\":\"Home\",\"item\":\"https:\/\/valuerealestate.it\/es\/\"},{\"@type\":\"ListItem\",\"position\":2,\"name\":\"Privacy Policy (es)\"}]},{\"@type\":\"WebSite\",\"@id\":\"https:\/\/valuerealestate.it\/#website\",\"url\":\"https:\/\/valuerealestate.it\/\",\"name\":\"Value Real Estate\",\"description\":\"Vendita immobili di prestigio\",\"publisher\":{\"@id\":\"https:\/\/valuerealestate.it\/#organization\"},\"potentialAction\":[{\"@type\":\"SearchAction\",\"target\":{\"@type\":\"EntryPoint\",\"urlTemplate\":\"https:\/\/valuerealestate.it\/?s={search_term_string}\"},\"query-input\":{\"@type\":\"PropertyValueSpecification\",\"valueRequired\":true,\"valueName\":\"search_term_string\"}}],\"inLanguage\":\"es\"},{\"@type\":\"Organization\",\"@id\":\"https:\/\/valuerealestate.it\/#organization\",\"name\":\"Value Real Estate Srl\",\"url\":\"https:\/\/valuerealestate.it\/\",\"logo\":{\"@type\":\"ImageObject\",\"inLanguage\":\"es\",\"@id\":\"https:\/\/valuerealestate.it\/#\/schema\/logo\/image\/\",\"url\":\"https:\/\/valuerealestate.it\/wp-content\/uploads\/2025\/07\/Logo-Value-Real-Estate.jpg\",\"contentUrl\":\"https:\/\/valuerealestate.it\/wp-content\/uploads\/2025\/07\/Logo-Value-Real-Estate.jpg\",\"width\":512,\"height\":512,\"caption\":\"Value Real Estate Srl\"},\"image\":{\"@id\":\"https:\/\/valuerealestate.it\/#\/schema\/logo\/image\/\"}}]}<\/script>\n<!-- \/ Yoast SEO plugin. -->","yoast_head_json":{"title":"Privacy Policy (es) - Value Real Estate","robots":{"index":"index","follow":"follow","max-snippet":"max-snippet:-1","max-image-preview":"max-image-preview:large","max-video-preview":"max-video-preview:-1"},"canonical":"https:\/\/valuerealestate.it\/privacy-policy\/","og_locale":"es_ES","og_type":"article","og_title":"Privacy Policy (es) - Value Real Estate","og_description":"Privacy Policy De conformidad y para los efectos del art. 13 del Decreto Legislativo n.\u00ba 196\/2003, se informa lo siguiente: Los datos personales que usted proporcione voluntariamente al completar el formulario de registro para formalizar solicitudes de informaci\u00f3n sobre productos, servicios, promociones de marketing, eventos e iniciativas promocionales de la empresa, ser\u00e1n tratados, incluso mediante [&hellip;]","og_url":"https:\/\/valuerealestate.it\/privacy-policy\/","og_site_name":"Value Real Estate","article_modified_time":"2025-07-28T08:50:58+00:00","og_image":[{"width":512,"height":512,"url":"https:\/\/valuerealestate.it\/wp-content\/uploads\/2025\/07\/Logo-Value-Real-Estate.jpg","type":"image\/jpeg"}],"twitter_card":"summary_large_image","twitter_misc":{"Tiempo de lectura":"2 minutos"},"schema":{"@context":"https:\/\/schema.org","@graph":[{"@type":"WebPage","@id":"https:\/\/valuerealestate.it\/privacy-policy\/","url":"https:\/\/valuerealestate.it\/privacy-policy\/","name":"Privacy Policy (es) - Value Real Estate","isPartOf":{"@id":"https:\/\/valuerealestate.it\/#website"},"datePublished":"2025-07-07T08:12:41+00:00","dateModified":"2025-07-28T08:50:58+00:00","breadcrumb":{"@id":"https:\/\/valuerealestate.it\/privacy-policy\/#breadcrumb"},"inLanguage":"es","potentialAction":[{"@type":"ReadAction","target":["https:\/\/valuerealestate.it\/privacy-policy\/"]}]},{"@type":"BreadcrumbList","@id":"https:\/\/valuerealestate.it\/privacy-policy\/#breadcrumb","itemListElement":[{"@type":"ListItem","position":1,"name":"Home","item":"https:\/\/valuerealestate.it\/es\/"},{"@type":"ListItem","position":2,"name":"Privacy Policy (es)"}]},{"@type":"WebSite","@id":"https:\/\/valuerealestate.it\/#website","url":"https:\/\/valuerealestate.it\/","name":"Value Real Estate","description":"Vendita immobili di prestigio","publisher":{"@id":"https:\/\/valuerealestate.it\/#organization"},"potentialAction":[{"@type":"SearchAction","target":{"@type":"EntryPoint","urlTemplate":"https:\/\/valuerealestate.it\/?s={search_term_string}"},"query-input":{"@type":"PropertyValueSpecification","valueRequired":true,"valueName":"search_term_string"}}],"inLanguage":"es"},{"@type":"Organization","@id":"https:\/\/valuerealestate.it\/#organization","name":"Value Real Estate Srl","url":"https:\/\/valuerealestate.it\/","logo":{"@type":"ImageObject","inLanguage":"es","@id":"https:\/\/valuerealestate.it\/#\/schema\/logo\/image\/","url":"https:\/\/valuerealestate.it\/wp-content\/uploads\/2025\/07\/Logo-Value-Real-Estate.jpg","contentUrl":"https:\/\/valuerealestate.it\/wp-content\/uploads\/2025\/07\/Logo-Value-Real-Estate.jpg","width":512,"height":512,"caption":"Value Real Estate Srl"},"image":{"@id":"https:\/\/valuerealestate.it\/#\/schema\/logo\/image\/"}}]}},"_links":{"self":[{"href":"https:\/\/valuerealestate.it\/es\/wp-json\/wp\/v2\/pages\/6656","targetHints":{"allow":["GET"]}}],"collection":[{"href":"https:\/\/valuerealestate.it\/es\/wp-json\/wp\/v2\/pages"}],"about":[{"href":"https:\/\/valuerealestate.it\/es\/wp-json\/wp\/v2\/types\/page"}],"author":[{"embeddable":true,"href":"https:\/\/valuerealestate.it\/es\/wp-json\/wp\/v2\/users\/1"}],"replies":[{"embeddable":true,"href":"https:\/\/valuerealestate.it\/es\/wp-json\/wp\/v2\/comments?post=6656"}],"version-history":[{"count":4,"href":"https:\/\/valuerealestate.it\/es\/wp-json\/wp\/v2\/pages\/6656\/revisions"}],"predecessor-version":[{"id":21511,"href":"https:\/\/valuerealestate.it\/es\/wp-json\/wp\/v2\/pages\/6656\/revisions\/21511"}],"wp:attachment":[{"href":"https:\/\/valuerealestate.it\/es\/wp-json\/wp\/v2\/media?parent=6656"}],"curies":[{"name":"wp","href":"https:\/\/api.w.org\/{rel}","templated":true}]}}