{"id":6136,"date":"2025-07-07T11:04:25","date_gmt":"2025-07-07T09:04:25","guid":{"rendered":"https:\/\/valuerealestate.it\/i-nostri-servizi\/"},"modified":"2025-07-25T16:03:36","modified_gmt":"2025-07-25T14:03:36","slug":"unsere-dienste","status":"publish","type":"page","link":"https:\/\/valuerealestate.it\/de\/unsere-dienste\/","title":{"rendered":"Unsere Dienste"},"content":{"rendered":"\t\t<div data-elementor-type=\"wp-page\" data-elementor-id=\"6136\" class=\"elementor elementor-6136 elementor-1298\" data-elementor-post-type=\"page\">\n\t\t\t\t<div class=\"elementor-element elementor-element-867d793 e-flex e-con-boxed e-con e-parent\" data-id=\"867d793\" data-element_type=\"container\">\n\t\t\t\t\t<div class=\"e-con-inner\">\n\t\t\t\t<div class=\"elementor-element elementor-element-ad7d8f2 elementor-invisible elementor-widget elementor-widget-heading\" data-id=\"ad7d8f2\" data-element_type=\"widget\" data-settings=\"{&quot;_animation&quot;:&quot;fadeInDown&quot;}\" data-widget_type=\"heading.default\">\n\t\t\t\t<div class=\"elementor-widget-container\">\n\t\t\t\t\t<h1 class=\"elementor-heading-title elementor-size-default\">Unsere Dienste<\/h1>\t\t\t\t<\/div>\n\t\t\t\t<\/div>\n\t\t\t\t<div class=\"elementor-element elementor-element-79792e0 elementor-widget elementor-widget-spacer\" data-id=\"79792e0\" data-element_type=\"widget\" data-widget_type=\"spacer.default\">\n\t\t\t\t<div class=\"elementor-widget-container\">\n\t\t\t\t\t\t\t<div class=\"elementor-spacer\">\n\t\t\t<div class=\"elementor-spacer-inner\"><\/div>\n\t\t<\/div>\n\t\t\t\t\t\t<\/div>\n\t\t\t\t<\/div>\n\t\t\t\t\t<\/div>\n\t\t\t\t<\/div>\n\t\t<div class=\"elementor-element elementor-element-a7864c5 e-flex e-con-boxed e-con e-parent\" data-id=\"a7864c5\" data-element_type=\"container\">\n\t\t\t\t\t<div class=\"e-con-inner\">\n\t\t<div class=\"elementor-element elementor-element-66a3c5e e-con-full e-flex e-con e-child\" data-id=\"66a3c5e\" data-element_type=\"container\">\n\t\t\t\t<div class=\"elementor-element elementor-element-d75768f elementor-align-left elementor-icon-list--layout-traditional elementor-list-item-link-full_width elementor-widget elementor-widget-icon-list\" data-id=\"d75768f\" data-element_type=\"widget\" data-widget_type=\"icon-list.default\">\n\t\t\t\t<div class=\"elementor-widget-container\">\n\t\t\t\t\t\t\t<ul class=\"elementor-icon-list-items\">\n\t\t\t\t\t\t\t<li class=\"elementor-icon-list-item\">\n\t\t\t\t\t\t\t\t\t\t\t<span class=\"elementor-icon-list-icon\">\n\t\t\t\t\t\t\t<svg aria-hidden=\"true\" class=\"e-font-icon-svg e-fas-hands-helping\" viewBox=\"0 0 640 512\" xmlns=\"http:\/\/www.w3.org\/2000\/svg\"><path d=\"M488 192H336v56c0 39.7-32.3 72-72 72s-72-32.3-72-72V126.4l-64.9 39C107.8 176.9 96 197.8 96 220.2v47.3l-80 46.2C.7 322.5-4.6 342.1 4.3 357.4l80 138.6c8.8 15.3 28.4 20.5 43.7 11.7L231.4 448H368c35.3 0 64-28.7 64-64h16c17.7 0 32-14.3 32-32v-64h8c13.3 0 24-10.7 24-24v-48c0-13.3-10.7-24-24-24zm147.7-37.4L555.7 16C546.9.7 527.3-4.5 512 4.3L408.6 64H306.4c-12 0-23.7 3.4-33.9 9.7L239 94.6c-9.4 5.8-15 16.1-15 27.1V248c0 22.1 17.9 40 40 40s40-17.9 40-40v-88h184c30.9 0 56 25.1 56 56v28.5l80-46.2c15.3-8.9 20.5-28.4 11.7-43.7z\"><\/path><\/svg>\t\t\t\t\t\t<\/span>\n\t\t\t\t\t\t\t\t\t\t<span class=\"elementor-icon-list-text\">Pers\u00f6nliche Unterst\u00fctzung w\u00e4hrend des gesamten Kauf- und Verkaufsprozesses, von der Immobilienbewertung bis zur Unterzeichnung der Urkunde.<\/span>\n\t\t\t\t\t\t\t\t\t<\/li>\n\t\t\t\t\t\t\t\t<li class=\"elementor-icon-list-item\">\n\t\t\t\t\t\t\t\t\t\t\t<span class=\"elementor-icon-list-icon\">\n\t\t\t\t\t\t\t<svg aria-hidden=\"true\" class=\"e-font-icon-svg e-fas-laptop-house\" viewBox=\"0 0 640 512\" xmlns=\"http:\/\/www.w3.org\/2000\/svg\"><path d=\"M272,288H208a16,16,0,0,1-16-16V208a16,16,0,0,1,16-16h64a16,16,0,0,1,16,16v37.12C299.11,232.24,315,224,332.8,224H469.74l6.65-7.53A16.51,16.51,0,0,0,480,207a16.31,16.31,0,0,0-4.75-10.61L416,144V48a16,16,0,0,0-16-16H368a16,16,0,0,0-16,16V87.3L263.5,8.92C258,4,247.45,0,240.05,0s-17.93,4-23.47,8.92L4.78,196.42A16.15,16.15,0,0,0,0,207a16.4,16.4,0,0,0,3.55,9.39L22.34,237.7A16.22,16.22,0,0,0,33,242.48,16.51,16.51,0,0,0,42.34,239L64,219.88V384a32,32,0,0,0,32,32H272ZM629.33,448H592V288c0-17.67-12.89-32-28.8-32H332.8c-15.91,0-28.8,14.33-28.8,32V448H266.67A10.67,10.67,0,0,0,256,458.67v10.66A42.82,42.82,0,0,0,298.6,512H597.4A42.82,42.82,0,0,0,640,469.33V458.67A10.67,10.67,0,0,0,629.33,448ZM544,448H352V304H544Z\"><\/path><\/svg>\t\t\t\t\t\t<\/span>\n\t\t\t\t\t\t\t\t\t\t<span class=\"elementor-icon-list-text\">\u00dcberpr\u00fcfung und Verwaltung der f\u00fcr den Verkauf erforderlichen Unterlagen, koordiniert mit den Fachleuten der Agentur.<\/span>\n\t\t\t\t\t\t\t\t\t<\/li>\n\t\t\t\t\t\t<\/ul>\n\t\t\t\t\t\t<\/div>\n\t\t\t\t<\/div>\n\t\t\t\t<\/div>\n\t\t<div class=\"elementor-element elementor-element-a95a3b8 e-con-full e-flex e-con e-child\" data-id=\"a95a3b8\" data-element_type=\"container\">\n\t\t\t\t<div class=\"elementor-element elementor-element-f775406 elementor-widget elementor-widget-image\" data-id=\"f775406\" data-element_type=\"widget\" data-widget_type=\"image.default\">\n\t\t\t\t<div class=\"elementor-widget-container\">\n\t\t\t\t\t\t\t\t\t\t\t\t\t\t\t<img fetchpriority=\"high\" decoding=\"async\" width=\"800\" height=\"448\" src=\"https:\/\/valuerealestate.it\/wp-content\/uploads\/2025\/07\/servizi_01.jpg\" class=\"attachment-large size-large wp-image-5887\" alt=\"Value Real Estate - servizi - controllo e assistenza\" srcset=\"https:\/\/valuerealestate.it\/wp-content\/uploads\/2025\/07\/servizi_01.jpg 1000w, https:\/\/valuerealestate.it\/wp-content\/uploads\/2025\/07\/servizi_01-300x168.jpg 300w, https:\/\/valuerealestate.it\/wp-content\/uploads\/2025\/07\/servizi_01-768x430.jpg 768w\" sizes=\"(max-width: 800px) 100vw, 800px\" \/>\t\t\t\t\t\t\t\t\t\t\t\t\t\t\t<\/div>\n\t\t\t\t<\/div>\n\t\t\t\t<\/div>\n\t\t\t\t\t<\/div>\n\t\t\t\t<\/div>\n\t\t<div class=\"elementor-element elementor-element-cfcfbce e-flex e-con-boxed e-con e-parent\" data-id=\"cfcfbce\" data-element_type=\"container\">\n\t\t\t\t\t<div class=\"e-con-inner\">\n\t\t<div class=\"elementor-element elementor-element-20ed0d6 e-con-full e-flex e-con e-child\" data-id=\"20ed0d6\" data-element_type=\"container\">\n\t\t\t\t<div class=\"elementor-element elementor-element-6d91748 elementor-widget elementor-widget-image\" data-id=\"6d91748\" data-element_type=\"widget\" data-widget_type=\"image.default\">\n\t\t\t\t<div class=\"elementor-widget-container\">\n\t\t\t\t\t\t\t\t\t\t\t\t\t\t\t<img decoding=\"async\" width=\"800\" height=\"448\" src=\"https:\/\/valuerealestate.it\/wp-content\/uploads\/2025\/07\/vre.jpg\" class=\"attachment-large size-large wp-image-9137\" alt=\"Value Real Estates Servizi\" srcset=\"https:\/\/valuerealestate.it\/wp-content\/uploads\/2025\/07\/vre.jpg 1000w, https:\/\/valuerealestate.it\/wp-content\/uploads\/2025\/07\/vre-300x168.jpg 300w, https:\/\/valuerealestate.it\/wp-content\/uploads\/2025\/07\/vre-768x430.jpg 768w, https:\/\/valuerealestate.it\/wp-content\/uploads\/2025\/07\/vre-18x10.jpg 18w\" sizes=\"(max-width: 800px) 100vw, 800px\" \/>\t\t\t\t\t\t\t\t\t\t\t\t\t\t\t<\/div>\n\t\t\t\t<\/div>\n\t\t\t\t<\/div>\n\t\t<div class=\"elementor-element elementor-element-d208893 e-con-full e-flex e-con e-child\" data-id=\"d208893\" data-element_type=\"container\">\n\t\t\t\t<div class=\"elementor-element elementor-element-5375cb3 elementor-align-left elementor-icon-list--layout-traditional elementor-list-item-link-full_width elementor-widget elementor-widget-icon-list\" data-id=\"5375cb3\" data-element_type=\"widget\" data-widget_type=\"icon-list.default\">\n\t\t\t\t<div class=\"elementor-widget-container\">\n\t\t\t\t\t\t\t<ul class=\"elementor-icon-list-items\">\n\t\t\t\t\t\t\t<li class=\"elementor-icon-list-item\">\n\t\t\t\t\t\t\t\t\t\t\t<span class=\"elementor-icon-list-icon\">\n\t\t\t\t\t\t\t<svg aria-hidden=\"true\" class=\"e-font-icon-svg e-fas-laptop-code\" viewBox=\"0 0 640 512\" xmlns=\"http:\/\/www.w3.org\/2000\/svg\"><path d=\"M255.03 261.65c6.25 6.25 16.38 6.25 22.63 0l11.31-11.31c6.25-6.25 6.25-16.38 0-22.63L253.25 192l35.71-35.72c6.25-6.25 6.25-16.38 0-22.63l-11.31-11.31c-6.25-6.25-16.38-6.25-22.63 0l-58.34 58.34c-6.25 6.25-6.25 16.38 0 22.63l58.35 58.34zm96.01-11.3l11.31 11.31c6.25 6.25 16.38 6.25 22.63 0l58.34-58.34c6.25-6.25 6.25-16.38 0-22.63l-58.34-58.34c-6.25-6.25-16.38-6.25-22.63 0l-11.31 11.31c-6.25 6.25-6.25 16.38 0 22.63L386.75 192l-35.71 35.72c-6.25 6.25-6.25 16.38 0 22.63zM624 416H381.54c-.74 19.81-14.71 32-32.74 32H288c-18.69 0-33.02-17.47-32.77-32H16c-8.8 0-16 7.2-16 16v16c0 35.2 28.8 64 64 64h512c35.2 0 64-28.8 64-64v-16c0-8.8-7.2-16-16-16zM576 48c0-26.4-21.6-48-48-48H112C85.6 0 64 21.6 64 48v336h512V48zm-64 272H128V64h384v256z\"><\/path><\/svg>\t\t\t\t\t\t<\/span>\n\t\t\t\t\t\t\t\t\t\t<span class=\"elementor-icon-list-text\">Professionelle Immobilienbewertung durch eingehende Vergleichsanalyse und Untersuchung des nationalen Immobilienmarktes<\/span>\n\t\t\t\t\t\t\t\t\t<\/li>\n\t\t\t\t\t\t\t\t<li class=\"elementor-icon-list-item\">\n\t\t\t\t\t\t\t\t\t\t\t<span class=\"elementor-icon-list-icon\">\n\t\t\t\t\t\t\t<svg aria-hidden=\"true\" class=\"e-font-icon-svg e-fas-chart-bar\" viewBox=\"0 0 512 512\" xmlns=\"http:\/\/www.w3.org\/2000\/svg\"><path d=\"M332.8 320h38.4c6.4 0 12.8-6.4 12.8-12.8V172.8c0-6.4-6.4-12.8-12.8-12.8h-38.4c-6.4 0-12.8 6.4-12.8 12.8v134.4c0 6.4 6.4 12.8 12.8 12.8zm96 0h38.4c6.4 0 12.8-6.4 12.8-12.8V76.8c0-6.4-6.4-12.8-12.8-12.8h-38.4c-6.4 0-12.8 6.4-12.8 12.8v230.4c0 6.4 6.4 12.8 12.8 12.8zm-288 0h38.4c6.4 0 12.8-6.4 12.8-12.8v-70.4c0-6.4-6.4-12.8-12.8-12.8h-38.4c-6.4 0-12.8 6.4-12.8 12.8v70.4c0 6.4 6.4 12.8 12.8 12.8zm96 0h38.4c6.4 0 12.8-6.4 12.8-12.8V108.8c0-6.4-6.4-12.8-12.8-12.8h-38.4c-6.4 0-12.8 6.4-12.8 12.8v198.4c0 6.4 6.4 12.8 12.8 12.8zM496 384H64V80c0-8.84-7.16-16-16-16H16C7.16 64 0 71.16 0 80v336c0 17.67 14.33 32 32 32h464c8.84 0 16-7.16 16-16v-32c0-8.84-7.16-16-16-16z\"><\/path><\/svg>\t\t\t\t\t\t<\/span>\n\t\t\t\t\t\t\t\t\t\t<span class=\"elementor-icon-list-text\">Ma\u00dfgeschneiderte Marketingpl\u00e4ne, um den Wert Ihrer Immobilie zu steigern und die bestm\u00f6glichen Ergebnisse im bestm\u00f6glichen Zeitrahmen zu erzielen.<\/span>\n\t\t\t\t\t\t\t\t\t<\/li>\n\t\t\t\t\t\t<\/ul>\n\t\t\t\t\t\t<\/div>\n\t\t\t\t<\/div>\n\t\t\t\t<\/div>\n\t\t\t\t\t<\/div>\n\t\t\t\t<\/div>\n\t\t<div class=\"elementor-element elementor-element-6050ff4 e-flex e-con-boxed e-con e-parent\" data-id=\"6050ff4\" data-element_type=\"container\">\n\t\t\t\t\t<div class=\"e-con-inner\">\n\t\t<div class=\"elementor-element elementor-element-357e687 e-con-full e-flex e-con e-child\" data-id=\"357e687\" data-element_type=\"container\">\n\t\t\t\t<div class=\"elementor-element elementor-element-b5af804 elementor-align-left elementor-icon-list--layout-traditional elementor-list-item-link-full_width elementor-widget elementor-widget-icon-list\" data-id=\"b5af804\" data-element_type=\"widget\" data-widget_type=\"icon-list.default\">\n\t\t\t\t<div class=\"elementor-widget-container\">\n\t\t\t\t\t\t\t<ul class=\"elementor-icon-list-items\">\n\t\t\t\t\t\t\t<li class=\"elementor-icon-list-item\">\n\t\t\t\t\t\t\t\t\t\t\t<span class=\"elementor-icon-list-icon\">\n\t\t\t\t\t\t\t<svg aria-hidden=\"true\" class=\"e-font-icon-svg e-fas-globe-europe\" viewBox=\"0 0 496 512\" xmlns=\"http:\/\/www.w3.org\/2000\/svg\"><path d=\"M248 8C111 8 0 119 0 256s111 248 248 248 248-111 248-248S385 8 248 8zm200 248c0 22.5-3.9 44.2-10.8 64.4h-20.3c-4.3 0-8.4-1.7-11.4-4.8l-32-32.6c-4.5-4.6-4.5-12.1.1-16.7l12.5-12.5v-8.7c0-3-1.2-5.9-3.3-8l-9.4-9.4c-2.1-2.1-5-3.3-8-3.3h-16c-6.2 0-11.3-5.1-11.3-11.3 0-3 1.2-5.9 3.3-8l9.4-9.4c2.1-2.1 5-3.3 8-3.3h32c6.2 0 11.3-5.1 11.3-11.3v-9.4c0-6.2-5.1-11.3-11.3-11.3h-36.7c-8.8 0-16 7.2-16 16v4.5c0 6.9-4.4 13-10.9 15.2l-31.6 10.5c-3.3 1.1-5.5 4.1-5.5 7.6v2.2c0 4.4-3.6 8-8 8h-16c-4.4 0-8-3.6-8-8s-3.6-8-8-8H247c-3 0-5.8 1.7-7.2 4.4l-9.4 18.7c-2.7 5.4-8.2 8.8-14.3 8.8H194c-8.8 0-16-7.2-16-16V199c0-4.2 1.7-8.3 4.7-11.3l20.1-20.1c4.6-4.6 7.2-10.9 7.2-17.5 0-3.4 2.2-6.5 5.5-7.6l40-13.3c1.7-.6 3.2-1.5 4.4-2.7l26.8-26.8c2.1-2.1 3.3-5 3.3-8 0-6.2-5.1-11.3-11.3-11.3H258l-16 16v8c0 4.4-3.6 8-8 8h-16c-4.4 0-8-3.6-8-8v-20c0-2.5 1.2-4.9 3.2-6.4l28.9-21.7c1.9-.1 3.8-.3 5.7-.3C358.3 56 448 145.7 448 256zM130.1 149.1c0-3 1.2-5.9 3.3-8l25.4-25.4c2.1-2.1 5-3.3 8-3.3 6.2 0 11.3 5.1 11.3 11.3v16c0 3-1.2 5.9-3.3 8l-9.4 9.4c-2.1 2.1-5 3.3-8 3.3h-16c-6.2 0-11.3-5.1-11.3-11.3zm128 306.4v-7.1c0-8.8-7.2-16-16-16h-20.2c-10.8 0-26.7-5.3-35.4-11.8l-22.2-16.7c-11.5-8.6-18.2-22.1-18.2-36.4v-23.9c0-16 8.4-30.8 22.1-39l42.9-25.7c7.1-4.2 15.2-6.5 23.4-6.5h31.2c10.9 0 21.4 3.9 29.6 10.9l43.2 37.1h18.3c8.5 0 16.6 3.4 22.6 9.4l17.3 17.3c3.4 3.4 8.1 5.3 12.9 5.3H423c-32.4 58.9-93.8 99.5-164.9 103.1z\"><\/path><\/svg>\t\t\t\t\t\t<\/span>\n\t\t\t\t\t\t\t\t\t\t<span class=\"elementor-icon-list-text\">Sofortige Listung Ihrer Immobilie bei unserem exklusiven Kundenkreis und Verbreitung auf allen wichtigen nationalen und internationalen Immobilienportalen.<\/span>\n\t\t\t\t\t\t\t\t\t<\/li>\n\t\t\t\t\t\t<\/ul>\n\t\t\t\t\t\t<\/div>\n\t\t\t\t<\/div>\n\t\t\t\t<\/div>\n\t\t<div class=\"elementor-element elementor-element-bf226a1 e-con-full e-flex e-con e-child\" data-id=\"bf226a1\" data-element_type=\"container\">\n\t\t\t\t<div class=\"elementor-element elementor-element-df191c1 elementor-widget elementor-widget-image\" data-id=\"df191c1\" data-element_type=\"widget\" data-widget_type=\"image.default\">\n\t\t\t\t<div class=\"elementor-widget-container\">\n\t\t\t\t\t\t\t\t\t\t\t\t\t\t\t<img decoding=\"async\" width=\"800\" height=\"448\" src=\"https:\/\/valuerealestate.it\/wp-content\/uploads\/2025\/07\/servizi_03-1.jpg\" class=\"attachment-large size-large wp-image-5897\" alt=\"Value Real Estate - servizi - appuntamenti vendta\" srcset=\"https:\/\/valuerealestate.it\/wp-content\/uploads\/2025\/07\/servizi_03-1.jpg 1000w, https:\/\/valuerealestate.it\/wp-content\/uploads\/2025\/07\/servizi_03-1-300x168.jpg 300w, https:\/\/valuerealestate.it\/wp-content\/uploads\/2025\/07\/servizi_03-1-768x430.jpg 768w\" sizes=\"(max-width: 800px) 100vw, 800px\" \/>\t\t\t\t\t\t\t\t\t\t\t\t\t\t\t<\/div>\n\t\t\t\t<\/div>\n\t\t\t\t<\/div>\n\t\t\t\t\t<\/div>\n\t\t\t\t<\/div>\n\t\t<div class=\"elementor-element elementor-element-3f07967 e-flex e-con-boxed e-con e-parent\" data-id=\"3f07967\" data-element_type=\"container\">\n\t\t\t\t\t<div class=\"e-con-inner\">\n\t\t\t\t<div class=\"elementor-element elementor-element-2053c8f elementor-widget elementor-widget-spacer\" data-id=\"2053c8f\" data-element_type=\"widget\" data-widget_type=\"spacer.default\">\n\t\t\t\t<div class=\"elementor-widget-container\">\n\t\t\t\t\t\t\t<div class=\"elementor-spacer\">\n\t\t\t<div class=\"elementor-spacer-inner\"><\/div>\n\t\t<\/div>\n\t\t\t\t\t\t<\/div>\n\t\t\t\t<\/div>\n\t\t\t\t\t<\/div>\n\t\t\t\t<\/div>\n\t\t\t\t<\/div>\n\t\t","protected":false},"excerpt":{"rendered":"<p>Unsere Dienste Pers\u00f6nliche Unterst\u00fctzung w\u00e4hrend des gesamten Kauf- und Verkaufsprozesses, von der Immobilienbewertung bis zur Unterzeichnung der Urkunde. \u00dcberpr\u00fcfung und Verwaltung der f\u00fcr den Verkauf erforderlichen Unterlagen, koordiniert mit den Fachleuten der Agentur. Professionelle Immobilienbewertung durch eingehende Vergleichsanalyse und Untersuchung des nationalen Immobilienmarktes Ma\u00dfgeschneiderte Marketingpl\u00e4ne, um den Wert Ihrer Immobilie zu steigern und die bestm\u00f6glichen [&hellip;]<\/p>\n","protected":false},"author":1,"featured_media":0,"parent":0,"menu_order":0,"comment_status":"closed","ping_status":"closed","template":"elementor_header_footer","meta":{"footnotes":""},"class_list":["post-6136","page","type-page","status-publish","hentry"],"yoast_head":"<!-- This site is optimized with the Yoast SEO plugin v25.6 - https:\/\/yoast.com\/wordpress\/plugins\/seo\/ -->\n<title>Unsere Dienste - Value Real Estate<\/title>\n<meta name=\"robots\" content=\"index, follow, max-snippet:-1, max-image-preview:large, max-video-preview:-1\" \/>\n<link rel=\"canonical\" href=\"https:\/\/valuerealestate.it\/i-nostri-servizi\/\" \/>\n<meta property=\"og:locale\" content=\"de_DE\" \/>\n<meta property=\"og:type\" content=\"article\" \/>\n<meta property=\"og:title\" content=\"Unsere Dienste - Value Real Estate\" \/>\n<meta property=\"og:description\" content=\"Unsere Dienste Pers\u00f6nliche Unterst\u00fctzung w\u00e4hrend des gesamten Kauf- und Verkaufsprozesses, von der Immobilienbewertung bis zur Unterzeichnung der Urkunde. \u00dcberpr\u00fcfung und Verwaltung der f\u00fcr den Verkauf erforderlichen Unterlagen, koordiniert mit den Fachleuten der Agentur. Professionelle Immobilienbewertung durch eingehende Vergleichsanalyse und Untersuchung des nationalen Immobilienmarktes Ma\u00dfgeschneiderte Marketingpl\u00e4ne, um den Wert Ihrer Immobilie zu steigern und die bestm\u00f6glichen [&hellip;]\" \/>\n<meta property=\"og:url\" content=\"https:\/\/valuerealestate.it\/i-nostri-servizi\/\" \/>\n<meta property=\"og:site_name\" content=\"Value Real Estate\" \/>\n<meta property=\"article:modified_time\" content=\"2025-07-25T14:03:36+00:00\" \/>\n<meta property=\"og:image\" content=\"https:\/\/valuerealestate.it\/wp-content\/uploads\/2025\/07\/servizi_01.jpg\" \/>\n\t<meta property=\"og:image:width\" content=\"1000\" \/>\n\t<meta property=\"og:image:height\" content=\"560\" \/>\n\t<meta property=\"og:image:type\" content=\"image\/jpeg\" \/>\n<meta name=\"twitter:card\" content=\"summary_large_image\" \/>\n<script type=\"application\/ld+json\" class=\"yoast-schema-graph\">{\"@context\":\"https:\/\/schema.org\",\"@graph\":[{\"@type\":\"WebPage\",\"@id\":\"https:\/\/valuerealestate.it\/i-nostri-servizi\/\",\"url\":\"https:\/\/valuerealestate.it\/i-nostri-servizi\/\",\"name\":\"Unsere Dienste - Value Real Estate\",\"isPartOf\":{\"@id\":\"https:\/\/valuerealestate.it\/#website\"},\"primaryImageOfPage\":{\"@id\":\"https:\/\/valuerealestate.it\/i-nostri-servizi\/#primaryimage\"},\"image\":{\"@id\":\"https:\/\/valuerealestate.it\/i-nostri-servizi\/#primaryimage\"},\"thumbnailUrl\":\"https:\/\/valuerealestate.it\/wp-content\/uploads\/2025\/07\/servizi_01.jpg\",\"datePublished\":\"2025-07-07T09:04:25+00:00\",\"dateModified\":\"2025-07-25T14:03:36+00:00\",\"breadcrumb\":{\"@id\":\"https:\/\/valuerealestate.it\/i-nostri-servizi\/#breadcrumb\"},\"inLanguage\":\"de\",\"potentialAction\":[{\"@type\":\"ReadAction\",\"target\":[\"https:\/\/valuerealestate.it\/i-nostri-servizi\/\"]}]},{\"@type\":\"ImageObject\",\"inLanguage\":\"de\",\"@id\":\"https:\/\/valuerealestate.it\/i-nostri-servizi\/#primaryimage\",\"url\":\"https:\/\/valuerealestate.it\/wp-content\/uploads\/2025\/07\/servizi_01.jpg\",\"contentUrl\":\"https:\/\/valuerealestate.it\/wp-content\/uploads\/2025\/07\/servizi_01.jpg\"},{\"@type\":\"BreadcrumbList\",\"@id\":\"https:\/\/valuerealestate.it\/i-nostri-servizi\/#breadcrumb\",\"itemListElement\":[{\"@type\":\"ListItem\",\"position\":1,\"name\":\"Home\",\"item\":\"https:\/\/valuerealestate.it\/de\/\"},{\"@type\":\"ListItem\",\"position\":2,\"name\":\"Unsere Dienste\"}]},{\"@type\":\"WebSite\",\"@id\":\"https:\/\/valuerealestate.it\/#website\",\"url\":\"https:\/\/valuerealestate.it\/\",\"name\":\"Value Real Estate\",\"description\":\"Vendita immobili di prestigio\",\"publisher\":{\"@id\":\"https:\/\/valuerealestate.it\/#organization\"},\"potentialAction\":[{\"@type\":\"SearchAction\",\"target\":{\"@type\":\"EntryPoint\",\"urlTemplate\":\"https:\/\/valuerealestate.it\/?s={search_term_string}\"},\"query-input\":{\"@type\":\"PropertyValueSpecification\",\"valueRequired\":true,\"valueName\":\"search_term_string\"}}],\"inLanguage\":\"de\"},{\"@type\":\"Organization\",\"@id\":\"https:\/\/valuerealestate.it\/#organization\",\"name\":\"Value Real Estate Srl\",\"url\":\"https:\/\/valuerealestate.it\/\",\"logo\":{\"@type\":\"ImageObject\",\"inLanguage\":\"de\",\"@id\":\"https:\/\/valuerealestate.it\/#\/schema\/logo\/image\/\",\"url\":\"https:\/\/valuerealestate.it\/wp-content\/uploads\/2025\/07\/Logo-Value-Real-Estate.jpg\",\"contentUrl\":\"https:\/\/valuerealestate.it\/wp-content\/uploads\/2025\/07\/Logo-Value-Real-Estate.jpg\",\"width\":512,\"height\":512,\"caption\":\"Value Real Estate Srl\"},\"image\":{\"@id\":\"https:\/\/valuerealestate.it\/#\/schema\/logo\/image\/\"}}]}<\/script>\n<!-- \/ Yoast SEO plugin. -->","yoast_head_json":{"title":"Unsere Dienste - Value Real Estate","robots":{"index":"index","follow":"follow","max-snippet":"max-snippet:-1","max-image-preview":"max-image-preview:large","max-video-preview":"max-video-preview:-1"},"canonical":"https:\/\/valuerealestate.it\/i-nostri-servizi\/","og_locale":"de_DE","og_type":"article","og_title":"Unsere Dienste - Value Real Estate","og_description":"Unsere Dienste Pers\u00f6nliche Unterst\u00fctzung w\u00e4hrend des gesamten Kauf- und Verkaufsprozesses, von der Immobilienbewertung bis zur Unterzeichnung der Urkunde. \u00dcberpr\u00fcfung und Verwaltung der f\u00fcr den Verkauf erforderlichen Unterlagen, koordiniert mit den Fachleuten der Agentur. Professionelle Immobilienbewertung durch eingehende Vergleichsanalyse und Untersuchung des nationalen Immobilienmarktes Ma\u00dfgeschneiderte Marketingpl\u00e4ne, um den Wert Ihrer Immobilie zu steigern und die bestm\u00f6glichen [&hellip;]","og_url":"https:\/\/valuerealestate.it\/i-nostri-servizi\/","og_site_name":"Value Real Estate","article_modified_time":"2025-07-25T14:03:36+00:00","og_image":[{"width":1000,"height":560,"url":"https:\/\/valuerealestate.it\/wp-content\/uploads\/2025\/07\/servizi_01.jpg","type":"image\/jpeg"}],"twitter_card":"summary_large_image","schema":{"@context":"https:\/\/schema.org","@graph":[{"@type":"WebPage","@id":"https:\/\/valuerealestate.it\/i-nostri-servizi\/","url":"https:\/\/valuerealestate.it\/i-nostri-servizi\/","name":"Unsere Dienste - Value Real Estate","isPartOf":{"@id":"https:\/\/valuerealestate.it\/#website"},"primaryImageOfPage":{"@id":"https:\/\/valuerealestate.it\/i-nostri-servizi\/#primaryimage"},"image":{"@id":"https:\/\/valuerealestate.it\/i-nostri-servizi\/#primaryimage"},"thumbnailUrl":"https:\/\/valuerealestate.it\/wp-content\/uploads\/2025\/07\/servizi_01.jpg","datePublished":"2025-07-07T09:04:25+00:00","dateModified":"2025-07-25T14:03:36+00:00","breadcrumb":{"@id":"https:\/\/valuerealestate.it\/i-nostri-servizi\/#breadcrumb"},"inLanguage":"de","potentialAction":[{"@type":"ReadAction","target":["https:\/\/valuerealestate.it\/i-nostri-servizi\/"]}]},{"@type":"ImageObject","inLanguage":"de","@id":"https:\/\/valuerealestate.it\/i-nostri-servizi\/#primaryimage","url":"https:\/\/valuerealestate.it\/wp-content\/uploads\/2025\/07\/servizi_01.jpg","contentUrl":"https:\/\/valuerealestate.it\/wp-content\/uploads\/2025\/07\/servizi_01.jpg"},{"@type":"BreadcrumbList","@id":"https:\/\/valuerealestate.it\/i-nostri-servizi\/#breadcrumb","itemListElement":[{"@type":"ListItem","position":1,"name":"Home","item":"https:\/\/valuerealestate.it\/de\/"},{"@type":"ListItem","position":2,"name":"Unsere Dienste"}]},{"@type":"WebSite","@id":"https:\/\/valuerealestate.it\/#website","url":"https:\/\/valuerealestate.it\/","name":"Value Real Estate","description":"Vendita immobili di prestigio","publisher":{"@id":"https:\/\/valuerealestate.it\/#organization"},"potentialAction":[{"@type":"SearchAction","target":{"@type":"EntryPoint","urlTemplate":"https:\/\/valuerealestate.it\/?s={search_term_string}"},"query-input":{"@type":"PropertyValueSpecification","valueRequired":true,"valueName":"search_term_string"}}],"inLanguage":"de"},{"@type":"Organization","@id":"https:\/\/valuerealestate.it\/#organization","name":"Value Real Estate Srl","url":"https:\/\/valuerealestate.it\/","logo":{"@type":"ImageObject","inLanguage":"de","@id":"https:\/\/valuerealestate.it\/#\/schema\/logo\/image\/","url":"https:\/\/valuerealestate.it\/wp-content\/uploads\/2025\/07\/Logo-Value-Real-Estate.jpg","contentUrl":"https:\/\/valuerealestate.it\/wp-content\/uploads\/2025\/07\/Logo-Value-Real-Estate.jpg","width":512,"height":512,"caption":"Value Real Estate Srl"},"image":{"@id":"https:\/\/valuerealestate.it\/#\/schema\/logo\/image\/"}}]}},"_links":{"self":[{"href":"https:\/\/valuerealestate.it\/de\/wp-json\/wp\/v2\/pages\/6136","targetHints":{"allow":["GET"]}}],"collection":[{"href":"https:\/\/valuerealestate.it\/de\/wp-json\/wp\/v2\/pages"}],"about":[{"href":"https:\/\/valuerealestate.it\/de\/wp-json\/wp\/v2\/types\/page"}],"author":[{"embeddable":true,"href":"https:\/\/valuerealestate.it\/de\/wp-json\/wp\/v2\/users\/1"}],"replies":[{"embeddable":true,"href":"https:\/\/valuerealestate.it\/de\/wp-json\/wp\/v2\/comments?post=6136"}],"version-history":[{"count":4,"href":"https:\/\/valuerealestate.it\/de\/wp-json\/wp\/v2\/pages\/6136\/revisions"}],"predecessor-version":[{"id":9141,"href":"https:\/\/valuerealestate.it\/de\/wp-json\/wp\/v2\/pages\/6136\/revisions\/9141"}],"wp:attachment":[{"href":"https:\/\/valuerealestate.it\/de\/wp-json\/wp\/v2\/media?parent=6136"}],"curies":[{"name":"wp","href":"https:\/\/api.w.org\/{rel}","templated":true}]}}