{"id":6091,"date":"2025-07-07T10:12:41","date_gmt":"2025-07-07T08:12:41","guid":{"rendered":"https:\/\/valuerealestate.it\/privacy-policy\/"},"modified":"2025-07-28T10:50:07","modified_gmt":"2025-07-28T08:50:07","slug":"privacy-policy","status":"publish","type":"page","link":"https:\/\/valuerealestate.it\/de\/privacy-policy\/","title":{"rendered":"Privacy Policy (de)"},"content":{"rendered":"\t\t<div data-elementor-type=\"wp-page\" data-elementor-id=\"6091\" class=\"elementor elementor-6091 elementor-1246\" data-elementor-post-type=\"page\">\n\t\t\t\t<div class=\"elementor-element elementor-element-aa9d78f e-flex e-con-boxed e-con e-parent\" data-id=\"aa9d78f\" data-element_type=\"container\">\n\t\t\t\t\t<div class=\"e-con-inner\">\n\t\t\t\t<div class=\"elementor-element elementor-element-e62b014 elementor-invisible elementor-widget elementor-widget-heading\" data-id=\"e62b014\" data-element_type=\"widget\" data-settings=\"{&quot;_animation&quot;:&quot;fadeInDown&quot;}\" data-widget_type=\"heading.default\">\n\t\t\t\t<div class=\"elementor-widget-container\">\n\t\t\t\t\t<h1 class=\"elementor-heading-title elementor-size-default\">Privacy Policy<\/h1>\t\t\t\t<\/div>\n\t\t\t\t<\/div>\n\t\t\t\t\t<\/div>\n\t\t\t\t<\/div>\n\t\t<div class=\"elementor-element elementor-element-42219fb e-flex e-con-boxed e-con e-parent\" data-id=\"42219fb\" data-element_type=\"container\">\n\t\t\t\t\t<div class=\"e-con-inner\">\n\t\t\t\t<div class=\"elementor-element elementor-element-b2b30c6 elementor-widget elementor-widget-spacer\" data-id=\"b2b30c6\" data-element_type=\"widget\" data-widget_type=\"spacer.default\">\n\t\t\t\t<div class=\"elementor-widget-container\">\n\t\t\t\t\t\t\t<div class=\"elementor-spacer\">\n\t\t\t<div class=\"elementor-spacer-inner\"><\/div>\n\t\t<\/div>\n\t\t\t\t\t\t<\/div>\n\t\t\t\t<\/div>\n\t\t\t\t<div class=\"elementor-element elementor-element-dc2989a elementor-invisible elementor-widget elementor-widget-text-editor\" data-id=\"dc2989a\" data-element_type=\"widget\" data-settings=\"{&quot;_animation&quot;:&quot;fadeInUp&quot;}\" data-widget_type=\"text-editor.default\">\n\t\t\t\t<div class=\"elementor-widget-container\">\n\t\t\t\t\t\t\t\t\t<p>Gem\u00e4\u00df Artikel 13 des Gesetzesdekrets Nr. 196\/2003 wird Folgendes mitgeteilt:<\/p><ol type=\"a\"><li>Die von Ihnen freiwillig bei der Registrierung angegebenen personenbezogenen Daten zur Anforderung von Informationen \u00fcber Produkte, Dienstleistungen, Marketingaktionen, Veranstaltungen und Werbeinitiativen der Gesellschaft werden auch mittels IT- und Telematikverfahren zu folgenden Zwecken verarbeitet:<br \/><ol type=\"1\"><li>Verwaltungs-, Statistik-, kommerzielle, Werbe- und Marketingzwecke in Bezug auf Produkte und Dienstleistungen von Value Real Estate srl<\/li><\/ol><\/li><li>Die Angabe personenbezogener Daten ist freiwillig; jedoch kann eine Verweigerung der Angabe oder der Einwilligung dazu f\u00fchren, dass das Unternehmen den Anfragen des Nutzers nicht nachkommen kann.<\/li><li>Die von Ihnen bereitgestellten Daten k\u00f6nnen f\u00fcr alle unter Punkt a) genannten Zwecke auch an andere Unternehmen der Value Real Estate srl-Gruppe weitergegeben werden.<\/li><li>Die Daten k\u00f6nnen auch auf folgende Weise verarbeitet werden: Fax, Telefon, auch ohne Bediener, E-Mail und andere IT- oder automatisierte Kommunikationssysteme.<\/li><li>Die betroffene Person hat jederzeit das Recht auf Best\u00e4tigung \u00fcber das Vorhandensein, den Inhalt, die Herkunft und die Richtigkeit der Daten gem\u00e4\u00df Artikel 7 des Gesetzesdekrets Nr. 196\/2003 sowie deren Berichtigung, Erg\u00e4nzung oder Aktualisierung zu verlangen. Au\u00dferdem kann sie die L\u00f6schung, Anonymisierung oder Sperrung verlangen, auch wenn sie zweckgebunden erhoben wurden oder f\u00fcr Werbung oder Direktverkauf verwendet werden.<\/li><li>Verantwortlicher f\u00fcr die Datenverarbeitung ist RESPONSABILE.<\/li><li>Die Daten werden im B\u00fcro von Value Real Estate srl, Via Spadari, 3 \u2013 20123 Mailand gespeichert.<\/li><li>Die Daten k\u00f6nnen in L\u00e4nder der EU gem\u00e4\u00df Artikel 42 und in Nicht-EU-L\u00e4nder gem\u00e4\u00df Artikel 44 Buchstabe b) des Gesetzesdekrets Nr. 196\/2003 \u00fcbermittelt werden. Value Real Estate srl arbeitet ausschlie\u00dflich mit Organisationen zusammen, die den Safe-Harbor-Prinzipien entsprechen.<\/li><li>F\u00fcr Anfragen wenden Sie sich bitte an: Value Real Estate srl, Via Spadari, 3 \u2013 20123 Mailand \u2013 +39 02 36553817 \u2013 info@valuerealestate.it<\/li><\/ol>\t\t\t\t\t\t\t\t<\/div>\n\t\t\t\t<\/div>\n\t\t\t\t<div class=\"elementor-element elementor-element-ae097fe elementor-widget elementor-widget-spacer\" data-id=\"ae097fe\" data-element_type=\"widget\" data-widget_type=\"spacer.default\">\n\t\t\t\t<div class=\"elementor-widget-container\">\n\t\t\t\t\t\t\t<div class=\"elementor-spacer\">\n\t\t\t<div class=\"elementor-spacer-inner\"><\/div>\n\t\t<\/div>\n\t\t\t\t\t\t<\/div>\n\t\t\t\t<\/div>\n\t\t\t\t\t<\/div>\n\t\t\t\t<\/div>\n\t\t\t\t<\/div>\n\t\t","protected":false},"excerpt":{"rendered":"<p>Privacy Policy Gem\u00e4\u00df Artikel 13 des Gesetzesdekrets Nr. 196\/2003 wird Folgendes mitgeteilt: Die von Ihnen freiwillig bei der Registrierung angegebenen personenbezogenen Daten zur Anforderung von Informationen \u00fcber Produkte, Dienstleistungen, Marketingaktionen, Veranstaltungen und Werbeinitiativen der Gesellschaft werden auch mittels IT- und Telematikverfahren zu folgenden Zwecken verarbeitet: Verwaltungs-, Statistik-, kommerzielle, Werbe- und Marketingzwecke in Bezug auf Produkte [&hellip;]<\/p>\n","protected":false},"author":1,"featured_media":0,"parent":0,"menu_order":0,"comment_status":"closed","ping_status":"closed","template":"elementor_header_footer","meta":{"footnotes":""},"class_list":["post-6091","page","type-page","status-publish","hentry"],"yoast_head":"<!-- This site is optimized with the Yoast SEO plugin v25.6 - https:\/\/yoast.com\/wordpress\/plugins\/seo\/ -->\n<title>Privacy Policy (de) - Value Real Estate<\/title>\n<meta name=\"robots\" content=\"index, follow, max-snippet:-1, max-image-preview:large, max-video-preview:-1\" \/>\n<link rel=\"canonical\" href=\"https:\/\/valuerealestate.it\/privacy-policy\/\" \/>\n<meta property=\"og:locale\" content=\"de_DE\" \/>\n<meta property=\"og:type\" content=\"article\" \/>\n<meta property=\"og:title\" content=\"Privacy Policy (de) - Value Real Estate\" \/>\n<meta property=\"og:description\" content=\"Privacy Policy Gem\u00e4\u00df Artikel 13 des Gesetzesdekrets Nr. 196\/2003 wird Folgendes mitgeteilt: Die von Ihnen freiwillig bei der Registrierung angegebenen personenbezogenen Daten zur Anforderung von Informationen \u00fcber Produkte, Dienstleistungen, Marketingaktionen, Veranstaltungen und Werbeinitiativen der Gesellschaft werden auch mittels IT- und Telematikverfahren zu folgenden Zwecken verarbeitet: Verwaltungs-, Statistik-, kommerzielle, Werbe- und Marketingzwecke in Bezug auf Produkte [&hellip;]\" \/>\n<meta property=\"og:url\" content=\"https:\/\/valuerealestate.it\/privacy-policy\/\" \/>\n<meta property=\"og:site_name\" content=\"Value Real Estate\" \/>\n<meta property=\"article:modified_time\" content=\"2025-07-28T08:50:07+00:00\" \/>\n<meta property=\"og:image\" content=\"https:\/\/valuerealestate.it\/wp-content\/uploads\/2025\/07\/Logo-Value-Real-Estate.jpg\" \/>\n\t<meta property=\"og:image:width\" content=\"512\" \/>\n\t<meta property=\"og:image:height\" content=\"512\" \/>\n\t<meta property=\"og:image:type\" content=\"image\/jpeg\" \/>\n<meta name=\"twitter:card\" content=\"summary_large_image\" \/>\n<meta name=\"twitter:label1\" content=\"Gesch\u00e4tzte Lesezeit\" \/>\n\t<meta name=\"twitter:data1\" content=\"1\u00a0Minute\" \/>\n<script type=\"application\/ld+json\" class=\"yoast-schema-graph\">{\"@context\":\"https:\/\/schema.org\",\"@graph\":[{\"@type\":\"WebPage\",\"@id\":\"https:\/\/valuerealestate.it\/privacy-policy\/\",\"url\":\"https:\/\/valuerealestate.it\/privacy-policy\/\",\"name\":\"Privacy Policy (de) - Value Real Estate\",\"isPartOf\":{\"@id\":\"https:\/\/valuerealestate.it\/#website\"},\"datePublished\":\"2025-07-07T08:12:41+00:00\",\"dateModified\":\"2025-07-28T08:50:07+00:00\",\"breadcrumb\":{\"@id\":\"https:\/\/valuerealestate.it\/privacy-policy\/#breadcrumb\"},\"inLanguage\":\"de\",\"potentialAction\":[{\"@type\":\"ReadAction\",\"target\":[\"https:\/\/valuerealestate.it\/privacy-policy\/\"]}]},{\"@type\":\"BreadcrumbList\",\"@id\":\"https:\/\/valuerealestate.it\/privacy-policy\/#breadcrumb\",\"itemListElement\":[{\"@type\":\"ListItem\",\"position\":1,\"name\":\"Home\",\"item\":\"https:\/\/valuerealestate.it\/de\/\"},{\"@type\":\"ListItem\",\"position\":2,\"name\":\"Privacy Policy (de)\"}]},{\"@type\":\"WebSite\",\"@id\":\"https:\/\/valuerealestate.it\/#website\",\"url\":\"https:\/\/valuerealestate.it\/\",\"name\":\"Value Real Estate\",\"description\":\"Vendita immobili di prestigio\",\"publisher\":{\"@id\":\"https:\/\/valuerealestate.it\/#organization\"},\"potentialAction\":[{\"@type\":\"SearchAction\",\"target\":{\"@type\":\"EntryPoint\",\"urlTemplate\":\"https:\/\/valuerealestate.it\/?s={search_term_string}\"},\"query-input\":{\"@type\":\"PropertyValueSpecification\",\"valueRequired\":true,\"valueName\":\"search_term_string\"}}],\"inLanguage\":\"de\"},{\"@type\":\"Organization\",\"@id\":\"https:\/\/valuerealestate.it\/#organization\",\"name\":\"Value Real Estate Srl\",\"url\":\"https:\/\/valuerealestate.it\/\",\"logo\":{\"@type\":\"ImageObject\",\"inLanguage\":\"de\",\"@id\":\"https:\/\/valuerealestate.it\/#\/schema\/logo\/image\/\",\"url\":\"https:\/\/valuerealestate.it\/wp-content\/uploads\/2025\/07\/Logo-Value-Real-Estate.jpg\",\"contentUrl\":\"https:\/\/valuerealestate.it\/wp-content\/uploads\/2025\/07\/Logo-Value-Real-Estate.jpg\",\"width\":512,\"height\":512,\"caption\":\"Value Real Estate Srl\"},\"image\":{\"@id\":\"https:\/\/valuerealestate.it\/#\/schema\/logo\/image\/\"}}]}<\/script>\n<!-- \/ Yoast SEO plugin. -->","yoast_head_json":{"title":"Privacy Policy (de) - Value Real Estate","robots":{"index":"index","follow":"follow","max-snippet":"max-snippet:-1","max-image-preview":"max-image-preview:large","max-video-preview":"max-video-preview:-1"},"canonical":"https:\/\/valuerealestate.it\/privacy-policy\/","og_locale":"de_DE","og_type":"article","og_title":"Privacy Policy (de) - Value Real Estate","og_description":"Privacy Policy Gem\u00e4\u00df Artikel 13 des Gesetzesdekrets Nr. 196\/2003 wird Folgendes mitgeteilt: Die von Ihnen freiwillig bei der Registrierung angegebenen personenbezogenen Daten zur Anforderung von Informationen \u00fcber Produkte, Dienstleistungen, Marketingaktionen, Veranstaltungen und Werbeinitiativen der Gesellschaft werden auch mittels IT- und Telematikverfahren zu folgenden Zwecken verarbeitet: Verwaltungs-, Statistik-, kommerzielle, Werbe- und Marketingzwecke in Bezug auf Produkte [&hellip;]","og_url":"https:\/\/valuerealestate.it\/privacy-policy\/","og_site_name":"Value Real Estate","article_modified_time":"2025-07-28T08:50:07+00:00","og_image":[{"width":512,"height":512,"url":"https:\/\/valuerealestate.it\/wp-content\/uploads\/2025\/07\/Logo-Value-Real-Estate.jpg","type":"image\/jpeg"}],"twitter_card":"summary_large_image","twitter_misc":{"Gesch\u00e4tzte Lesezeit":"1\u00a0Minute"},"schema":{"@context":"https:\/\/schema.org","@graph":[{"@type":"WebPage","@id":"https:\/\/valuerealestate.it\/privacy-policy\/","url":"https:\/\/valuerealestate.it\/privacy-policy\/","name":"Privacy Policy (de) - Value Real Estate","isPartOf":{"@id":"https:\/\/valuerealestate.it\/#website"},"datePublished":"2025-07-07T08:12:41+00:00","dateModified":"2025-07-28T08:50:07+00:00","breadcrumb":{"@id":"https:\/\/valuerealestate.it\/privacy-policy\/#breadcrumb"},"inLanguage":"de","potentialAction":[{"@type":"ReadAction","target":["https:\/\/valuerealestate.it\/privacy-policy\/"]}]},{"@type":"BreadcrumbList","@id":"https:\/\/valuerealestate.it\/privacy-policy\/#breadcrumb","itemListElement":[{"@type":"ListItem","position":1,"name":"Home","item":"https:\/\/valuerealestate.it\/de\/"},{"@type":"ListItem","position":2,"name":"Privacy Policy (de)"}]},{"@type":"WebSite","@id":"https:\/\/valuerealestate.it\/#website","url":"https:\/\/valuerealestate.it\/","name":"Value Real Estate","description":"Vendita immobili di prestigio","publisher":{"@id":"https:\/\/valuerealestate.it\/#organization"},"potentialAction":[{"@type":"SearchAction","target":{"@type":"EntryPoint","urlTemplate":"https:\/\/valuerealestate.it\/?s={search_term_string}"},"query-input":{"@type":"PropertyValueSpecification","valueRequired":true,"valueName":"search_term_string"}}],"inLanguage":"de"},{"@type":"Organization","@id":"https:\/\/valuerealestate.it\/#organization","name":"Value Real Estate Srl","url":"https:\/\/valuerealestate.it\/","logo":{"@type":"ImageObject","inLanguage":"de","@id":"https:\/\/valuerealestate.it\/#\/schema\/logo\/image\/","url":"https:\/\/valuerealestate.it\/wp-content\/uploads\/2025\/07\/Logo-Value-Real-Estate.jpg","contentUrl":"https:\/\/valuerealestate.it\/wp-content\/uploads\/2025\/07\/Logo-Value-Real-Estate.jpg","width":512,"height":512,"caption":"Value Real Estate Srl"},"image":{"@id":"https:\/\/valuerealestate.it\/#\/schema\/logo\/image\/"}}]}},"_links":{"self":[{"href":"https:\/\/valuerealestate.it\/de\/wp-json\/wp\/v2\/pages\/6091","targetHints":{"allow":["GET"]}}],"collection":[{"href":"https:\/\/valuerealestate.it\/de\/wp-json\/wp\/v2\/pages"}],"about":[{"href":"https:\/\/valuerealestate.it\/de\/wp-json\/wp\/v2\/types\/page"}],"author":[{"embeddable":true,"href":"https:\/\/valuerealestate.it\/de\/wp-json\/wp\/v2\/users\/1"}],"replies":[{"embeddable":true,"href":"https:\/\/valuerealestate.it\/de\/wp-json\/wp\/v2\/comments?post=6091"}],"version-history":[{"count":4,"href":"https:\/\/valuerealestate.it\/de\/wp-json\/wp\/v2\/pages\/6091\/revisions"}],"predecessor-version":[{"id":21507,"href":"https:\/\/valuerealestate.it\/de\/wp-json\/wp\/v2\/pages\/6091\/revisions\/21507"}],"wp:attachment":[{"href":"https:\/\/valuerealestate.it\/de\/wp-json\/wp\/v2\/media?parent=6091"}],"curies":[{"name":"wp","href":"https:\/\/api.w.org\/{rel}","templated":true}]}}