{"id":6066,"date":"2025-07-07T10:13:45","date_gmt":"2025-07-07T08:13:45","guid":{"rendered":"https:\/\/valuerealestate.it\/cookie-policy\/"},"modified":"2025-07-28T10:49:46","modified_gmt":"2025-07-28T08:49:46","slug":"cookie-policy","status":"publish","type":"page","link":"https:\/\/valuerealestate.it\/de\/cookie-policy\/","title":{"rendered":"Cookie Policy (de)"},"content":{"rendered":"\t\t<div data-elementor-type=\"wp-page\" data-elementor-id=\"6066\" class=\"elementor elementor-6066 elementor-1248\" data-elementor-post-type=\"page\">\n\t\t\t\t<div class=\"elementor-element elementor-element-d093d09 e-flex e-con-boxed e-con e-parent\" data-id=\"d093d09\" data-element_type=\"container\">\n\t\t\t\t\t<div class=\"e-con-inner\">\n\t\t\t\t<div class=\"elementor-element elementor-element-1e8f6bb elementor-invisible elementor-widget elementor-widget-heading\" data-id=\"1e8f6bb\" data-element_type=\"widget\" data-settings=\"{&quot;_animation&quot;:&quot;fadeInDown&quot;}\" data-widget_type=\"heading.default\">\n\t\t\t\t<div class=\"elementor-widget-container\">\n\t\t\t\t\t<h1 class=\"elementor-heading-title elementor-size-default\">Cookie Policy<\/h1>\t\t\t\t<\/div>\n\t\t\t\t<\/div>\n\t\t\t\t\t<\/div>\n\t\t\t\t<\/div>\n\t\t<div class=\"elementor-element elementor-element-4d79e7f e-flex e-con-boxed e-con e-parent\" data-id=\"4d79e7f\" data-element_type=\"container\">\n\t\t\t\t\t<div class=\"e-con-inner\">\n\t\t\t\t<div class=\"elementor-element elementor-element-ea9cb6a elementor-widget elementor-widget-spacer\" data-id=\"ea9cb6a\" data-element_type=\"widget\" data-widget_type=\"spacer.default\">\n\t\t\t\t<div class=\"elementor-widget-container\">\n\t\t\t\t\t\t\t<div class=\"elementor-spacer\">\n\t\t\t<div class=\"elementor-spacer-inner\"><\/div>\n\t\t<\/div>\n\t\t\t\t\t\t<\/div>\n\t\t\t\t<\/div>\n\t\t\t\t<div class=\"elementor-element elementor-element-9556766 elementor-invisible elementor-widget elementor-widget-text-editor\" data-id=\"9556766\" data-element_type=\"widget\" data-settings=\"{&quot;_animation&quot;:&quot;fadeInUp&quot;}\" data-widget_type=\"text-editor.default\">\n\t\t\t\t<div class=\"elementor-widget-container\">\n\t\t\t\t\t\t\t\t\t<h4>Verantwortlicher und Eigent\u00fcmer<\/h4><p><b>Value Real Estate srl<\/b>, Via Spadari 3, 20123 Mailand, in Person des gesetzlichen Vertreters. Bei Fragen zur Cookie-Richtlinie oder zu den \u00fcber Sie gespeicherten Daten k\u00f6nnen Sie den Verantwortlichen schriftlich unter der oben genannten Adresse oder per E-Mail unter info@valuerealestate.it kontaktieren.<\/p><p>Um die \u00c4nderungen oder Modifikationen der vom Inhaber der Datenschutzrichtlinie festgelegten Datenschutzrichtlinien zu erfahren, wenden Sie sich bitte an den Inhaber der Datenschutzrichtlinie.<\/p><h4>Cookie-Informationen<\/h4><p>Die Website valuerealestate.it, im Folgenden \u201eAnwendung\u201c genannt, verwendet sowohl eigene als auch Drittanbieter-Cookies. Der folgende Abschnitt enth\u00e4lt detaillierte Informationen zur Verwendung von Cookies von Drittanbietern, insbesondere Marketing- und Analyse-Cookies.<br \/>Diese Richtlinie erl\u00e4utert, was Cookies sind, welche Arten von Cookies verwendet werden und zu welchen Zwecken sie eingesetzt werden.<\/p><p><strong>Was sind Cookies?<\/strong><\/p><p>Cookies sind kleine Textdateien, die beim Besuch dieser Anwendung auf Ihrem Computer, Tablet, Mobiltelefon oder einem anderen Mobilger\u00e4t abgelegt werden. Bei jedem Besuch der Anwendung werden Cookies an diese Anwendung zur\u00fcckgesendet. Sie erm\u00f6glichen der Anwendung, Ihre Ger\u00e4te zu erkennen und bestimmte Informationen \u00fcber Sie zu speichern, einschlie\u00dflich Ihrer Browsereinstellungen. Wichtig ist, dass sie Sie von anderen Nutzern dieser Anwendung unterscheiden und es uns erm\u00f6glichen, den \u00fcber die Anwendung bereitgestellten Service zu optimieren und Ihnen ein individuelleres Erlebnis zu bieten.<\/p><p>Grunds\u00e4tzlich verwendet diese Anwendung sowohl Sitzungscookies (die am Ende einer bestimmten Browsersitzung ablaufen) als auch dauerhafte Cookies, die auf Ihrem Ger\u00e4t verbleiben und es uns erm\u00f6glichen, Ihre Aktionen oder Benutzereinstellungen \u00fcber mehrere Browsersitzungen hinweg zu speichern.<\/p><h4>Deaktivierung von Cookies<\/h4><p>In den Einstellungen Ihres Webbrowsers k\u00f6nnen Sie steuern, welche Arten von Cookies Sie zulassen. Sie k\u00f6nnen Ihre Browsereinstellungen so anpassen, dass Sie \u00fcber neue Cookies informiert werden, Cookies aktivieren oder deaktivieren und den Browser-Cache (Verlauf) leeren. Wenn Sie die Cookie-Einstellungen Ihres Browsers \u00e4ndern, werden Sie bei Ihrem n\u00e4chsten Besuch dieser Anwendung um Ihre Zustimmung zur Verwendung von Cookies gebeten.<br \/>Sofern Sie Ihre Browsereinstellungen nicht so angepasst haben, dass Cookies abgelehnt werden, werden beim Besuch dieser Anwendung Cookies f\u00fcr die oben genannten Zwecke gesetzt.<br \/>Weitere Informationen zu Cookies, einschlie\u00dflich der M\u00f6glichkeit, festzustellen, welche Cookies auf Ihrem Computer gesetzt wurden und wie Sie diese verwalten und l\u00f6schen k\u00f6nnen, finden Sie unter <a href=\"http:\/\/www.allaboutcookies.org\">www.AllAboutCookies.org<\/a>.<\/p><p>Die meisten Internetbrowser akzeptieren Cookies standardm\u00e4\u00dfig automatisch. Sie k\u00f6nnen diese Einstellungen \u00e4ndern, um Cookies zu blockieren oder Ihr Ger\u00e4t \u00fcber Cookies zu informieren. Es gibt verschiedene M\u00f6glichkeiten, mit Cookies umzugehen. Informationen zum Anpassen oder \u00c4ndern Ihrer Browsereinstellungen finden Sie im Benutzerhandbuch oder in der Hilfefunktion Ihres Browsers.<\/p><p><a href=\"https:\/\/support.google.com\/accounts\/answer\/61416?hl=it\">Chrome<\/a><br \/><a href=\"https:\/\/support.mozilla.org\/it\/kb\/Attivare%20e%20disattivare%20i%20cookie\"> Firefox<\/a><br \/><a href=\"http:\/\/windows.microsoft.com\/it-it\/windows7\/block-enable-or-allow-cookies\"> Internet Explorer<\/a><br \/><a href=\"http:\/\/help.opera.com\/Windows\/10.00\/it\/cookies.html\">Opera<\/a><br \/><a href=\"https:\/\/www.apple.com\/legal\/privacy\/it\/cookies\/\">Safari<\/a><\/p>\t\t\t\t\t\t\t\t<\/div>\n\t\t\t\t<\/div>\n\t\t\t\t<div class=\"elementor-element elementor-element-7bce5ae elementor-widget elementor-widget-spacer\" data-id=\"7bce5ae\" data-element_type=\"widget\" data-widget_type=\"spacer.default\">\n\t\t\t\t<div class=\"elementor-widget-container\">\n\t\t\t\t\t\t\t<div class=\"elementor-spacer\">\n\t\t\t<div class=\"elementor-spacer-inner\"><\/div>\n\t\t<\/div>\n\t\t\t\t\t\t<\/div>\n\t\t\t\t<\/div>\n\t\t\t\t\t<\/div>\n\t\t\t\t<\/div>\n\t\t\t\t<\/div>\n\t\t","protected":false},"excerpt":{"rendered":"<p>Cookie Policy Verantwortlicher und Eigent\u00fcmer Value Real Estate srl, Via Spadari 3, 20123 Mailand, in Person des gesetzlichen Vertreters. Bei Fragen zur Cookie-Richtlinie oder zu den \u00fcber Sie gespeicherten Daten k\u00f6nnen Sie den Verantwortlichen schriftlich unter der oben genannten Adresse oder per E-Mail unter info@valuerealestate.it kontaktieren. Um die \u00c4nderungen oder Modifikationen der vom Inhaber der [&hellip;]<\/p>\n","protected":false},"author":1,"featured_media":0,"parent":0,"menu_order":0,"comment_status":"closed","ping_status":"closed","template":"elementor_header_footer","meta":{"footnotes":""},"class_list":["post-6066","page","type-page","status-publish","hentry"],"yoast_head":"<!-- This site is optimized with the Yoast SEO plugin v25.6 - https:\/\/yoast.com\/wordpress\/plugins\/seo\/ -->\n<title>Cookie Policy (de) - Value Real Estate<\/title>\n<meta name=\"robots\" content=\"index, follow, max-snippet:-1, max-image-preview:large, max-video-preview:-1\" \/>\n<link rel=\"canonical\" href=\"https:\/\/valuerealestate.it\/cookie-policy\/\" \/>\n<meta property=\"og:locale\" content=\"de_DE\" \/>\n<meta property=\"og:type\" content=\"article\" \/>\n<meta property=\"og:title\" content=\"Cookie Policy (de) - Value Real Estate\" \/>\n<meta property=\"og:description\" content=\"Cookie Policy Verantwortlicher und Eigent\u00fcmer Value Real Estate srl, Via Spadari 3, 20123 Mailand, in Person des gesetzlichen Vertreters. Bei Fragen zur Cookie-Richtlinie oder zu den \u00fcber Sie gespeicherten Daten k\u00f6nnen Sie den Verantwortlichen schriftlich unter der oben genannten Adresse oder per E-Mail unter info@valuerealestate.it kontaktieren. Um die \u00c4nderungen oder Modifikationen der vom Inhaber der [&hellip;]\" \/>\n<meta property=\"og:url\" content=\"https:\/\/valuerealestate.it\/cookie-policy\/\" \/>\n<meta property=\"og:site_name\" content=\"Value Real Estate\" \/>\n<meta property=\"article:modified_time\" content=\"2025-07-28T08:49:46+00:00\" \/>\n<meta property=\"og:image\" content=\"https:\/\/valuerealestate.it\/wp-content\/uploads\/2025\/07\/Logo-Value-Real-Estate.jpg\" \/>\n\t<meta property=\"og:image:width\" content=\"512\" \/>\n\t<meta property=\"og:image:height\" content=\"512\" \/>\n\t<meta property=\"og:image:type\" content=\"image\/jpeg\" \/>\n<meta name=\"twitter:card\" content=\"summary_large_image\" \/>\n<meta name=\"twitter:label1\" content=\"Gesch\u00e4tzte Lesezeit\" \/>\n\t<meta name=\"twitter:data1\" content=\"2\u00a0Minuten\" \/>\n<script type=\"application\/ld+json\" class=\"yoast-schema-graph\">{\"@context\":\"https:\/\/schema.org\",\"@graph\":[{\"@type\":\"WebPage\",\"@id\":\"https:\/\/valuerealestate.it\/cookie-policy\/\",\"url\":\"https:\/\/valuerealestate.it\/cookie-policy\/\",\"name\":\"Cookie Policy (de) - Value Real Estate\",\"isPartOf\":{\"@id\":\"https:\/\/valuerealestate.it\/#website\"},\"datePublished\":\"2025-07-07T08:13:45+00:00\",\"dateModified\":\"2025-07-28T08:49:46+00:00\",\"breadcrumb\":{\"@id\":\"https:\/\/valuerealestate.it\/cookie-policy\/#breadcrumb\"},\"inLanguage\":\"de\",\"potentialAction\":[{\"@type\":\"ReadAction\",\"target\":[\"https:\/\/valuerealestate.it\/cookie-policy\/\"]}]},{\"@type\":\"BreadcrumbList\",\"@id\":\"https:\/\/valuerealestate.it\/cookie-policy\/#breadcrumb\",\"itemListElement\":[{\"@type\":\"ListItem\",\"position\":1,\"name\":\"Home\",\"item\":\"https:\/\/valuerealestate.it\/de\/\"},{\"@type\":\"ListItem\",\"position\":2,\"name\":\"Cookie Policy (de)\"}]},{\"@type\":\"WebSite\",\"@id\":\"https:\/\/valuerealestate.it\/#website\",\"url\":\"https:\/\/valuerealestate.it\/\",\"name\":\"Value Real Estate\",\"description\":\"Vendita immobili di prestigio\",\"publisher\":{\"@id\":\"https:\/\/valuerealestate.it\/#organization\"},\"potentialAction\":[{\"@type\":\"SearchAction\",\"target\":{\"@type\":\"EntryPoint\",\"urlTemplate\":\"https:\/\/valuerealestate.it\/?s={search_term_string}\"},\"query-input\":{\"@type\":\"PropertyValueSpecification\",\"valueRequired\":true,\"valueName\":\"search_term_string\"}}],\"inLanguage\":\"de\"},{\"@type\":\"Organization\",\"@id\":\"https:\/\/valuerealestate.it\/#organization\",\"name\":\"Value Real Estate Srl\",\"url\":\"https:\/\/valuerealestate.it\/\",\"logo\":{\"@type\":\"ImageObject\",\"inLanguage\":\"de\",\"@id\":\"https:\/\/valuerealestate.it\/#\/schema\/logo\/image\/\",\"url\":\"https:\/\/valuerealestate.it\/wp-content\/uploads\/2025\/07\/Logo-Value-Real-Estate.jpg\",\"contentUrl\":\"https:\/\/valuerealestate.it\/wp-content\/uploads\/2025\/07\/Logo-Value-Real-Estate.jpg\",\"width\":512,\"height\":512,\"caption\":\"Value Real Estate Srl\"},\"image\":{\"@id\":\"https:\/\/valuerealestate.it\/#\/schema\/logo\/image\/\"}}]}<\/script>\n<!-- \/ Yoast SEO plugin. -->","yoast_head_json":{"title":"Cookie Policy (de) - Value Real Estate","robots":{"index":"index","follow":"follow","max-snippet":"max-snippet:-1","max-image-preview":"max-image-preview:large","max-video-preview":"max-video-preview:-1"},"canonical":"https:\/\/valuerealestate.it\/cookie-policy\/","og_locale":"de_DE","og_type":"article","og_title":"Cookie Policy (de) - Value Real Estate","og_description":"Cookie Policy Verantwortlicher und Eigent\u00fcmer Value Real Estate srl, Via Spadari 3, 20123 Mailand, in Person des gesetzlichen Vertreters. Bei Fragen zur Cookie-Richtlinie oder zu den \u00fcber Sie gespeicherten Daten k\u00f6nnen Sie den Verantwortlichen schriftlich unter der oben genannten Adresse oder per E-Mail unter info@valuerealestate.it kontaktieren. Um die \u00c4nderungen oder Modifikationen der vom Inhaber der [&hellip;]","og_url":"https:\/\/valuerealestate.it\/cookie-policy\/","og_site_name":"Value Real Estate","article_modified_time":"2025-07-28T08:49:46+00:00","og_image":[{"width":512,"height":512,"url":"https:\/\/valuerealestate.it\/wp-content\/uploads\/2025\/07\/Logo-Value-Real-Estate.jpg","type":"image\/jpeg"}],"twitter_card":"summary_large_image","twitter_misc":{"Gesch\u00e4tzte Lesezeit":"2\u00a0Minuten"},"schema":{"@context":"https:\/\/schema.org","@graph":[{"@type":"WebPage","@id":"https:\/\/valuerealestate.it\/cookie-policy\/","url":"https:\/\/valuerealestate.it\/cookie-policy\/","name":"Cookie Policy (de) - Value Real Estate","isPartOf":{"@id":"https:\/\/valuerealestate.it\/#website"},"datePublished":"2025-07-07T08:13:45+00:00","dateModified":"2025-07-28T08:49:46+00:00","breadcrumb":{"@id":"https:\/\/valuerealestate.it\/cookie-policy\/#breadcrumb"},"inLanguage":"de","potentialAction":[{"@type":"ReadAction","target":["https:\/\/valuerealestate.it\/cookie-policy\/"]}]},{"@type":"BreadcrumbList","@id":"https:\/\/valuerealestate.it\/cookie-policy\/#breadcrumb","itemListElement":[{"@type":"ListItem","position":1,"name":"Home","item":"https:\/\/valuerealestate.it\/de\/"},{"@type":"ListItem","position":2,"name":"Cookie Policy (de)"}]},{"@type":"WebSite","@id":"https:\/\/valuerealestate.it\/#website","url":"https:\/\/valuerealestate.it\/","name":"Value Real Estate","description":"Vendita immobili di prestigio","publisher":{"@id":"https:\/\/valuerealestate.it\/#organization"},"potentialAction":[{"@type":"SearchAction","target":{"@type":"EntryPoint","urlTemplate":"https:\/\/valuerealestate.it\/?s={search_term_string}"},"query-input":{"@type":"PropertyValueSpecification","valueRequired":true,"valueName":"search_term_string"}}],"inLanguage":"de"},{"@type":"Organization","@id":"https:\/\/valuerealestate.it\/#organization","name":"Value Real Estate Srl","url":"https:\/\/valuerealestate.it\/","logo":{"@type":"ImageObject","inLanguage":"de","@id":"https:\/\/valuerealestate.it\/#\/schema\/logo\/image\/","url":"https:\/\/valuerealestate.it\/wp-content\/uploads\/2025\/07\/Logo-Value-Real-Estate.jpg","contentUrl":"https:\/\/valuerealestate.it\/wp-content\/uploads\/2025\/07\/Logo-Value-Real-Estate.jpg","width":512,"height":512,"caption":"Value Real Estate Srl"},"image":{"@id":"https:\/\/valuerealestate.it\/#\/schema\/logo\/image\/"}}]}},"_links":{"self":[{"href":"https:\/\/valuerealestate.it\/de\/wp-json\/wp\/v2\/pages\/6066","targetHints":{"allow":["GET"]}}],"collection":[{"href":"https:\/\/valuerealestate.it\/de\/wp-json\/wp\/v2\/pages"}],"about":[{"href":"https:\/\/valuerealestate.it\/de\/wp-json\/wp\/v2\/types\/page"}],"author":[{"embeddable":true,"href":"https:\/\/valuerealestate.it\/de\/wp-json\/wp\/v2\/users\/1"}],"replies":[{"embeddable":true,"href":"https:\/\/valuerealestate.it\/de\/wp-json\/wp\/v2\/comments?post=6066"}],"version-history":[{"count":7,"href":"https:\/\/valuerealestate.it\/de\/wp-json\/wp\/v2\/pages\/6066\/revisions"}],"predecessor-version":[{"id":21506,"href":"https:\/\/valuerealestate.it\/de\/wp-json\/wp\/v2\/pages\/6066\/revisions\/21506"}],"wp:attachment":[{"href":"https:\/\/valuerealestate.it\/de\/wp-json\/wp\/v2\/media?parent=6066"}],"curies":[{"name":"wp","href":"https:\/\/api.w.org\/{rel}","templated":true}]}}